{"id":828,"date":"2015-04-21T08:28:01","date_gmt":"2015-04-21T08:28:01","guid":{"rendered":"http:\/\/nip-activity.com\/neueseite\/?page_id=828"},"modified":"2026-05-04T04:10:12","modified_gmt":"2026-05-04T08:10:12","slug":"startseite","status":"publish","type":"page","link":"https:\/\/nip-activity.com\/de\/","title":{"rendered":"Startseite"},"content":{"rendered":"<div class=\"wpb-content-wrapper\">[vc_row][vc_column]<div class=\"vcex-module vcex-divider vcex-divider-solid vcex-divider-center wpex-mx-auto wpex-block wpex-h-0 wpex-border-b wpex-border-solid wpex-border-main\"><\/div>[\/vc_column][\/vc_row][vc_row center_row=&#8220;yes&#8220; bg_color=&#8220;#000000&#8243;][vc_column bg_color=&#8220;#000000&#8243;][vc_column_text css_animation=&#8220;none&#8220;]\n<div id=\"subheader\">\n<div id=\"update\">Letztes Update: 04. Mai 2026<\/div>\n<div id=\"topic\">\n<h1>Girls nackt in der \u00d6ffentlichkeit &#8211; nip-activity.com zeigt\u2019s euch<\/h1>\n<\/div>\n<\/div>\n[\/vc_column_text][\/vc_column][\/vc_row][vc_row][vc_column]<div class=\"vcex-module vcex-divider vcex-divider-solid vcex-divider-center wpex-mx-auto wpex-block wpex-h-0 wpex-border-b wpex-border-solid wpex-border-main\"><\/div>[\/vc_column][\/vc_row][vc_row bg_color=&#8220;#000000&#8243;][vc_column typo_style=&#8220;light&#8220; bg_color=&#8220;#000000&#8243; padding_right=&#8220;10px&#8220; width=&#8220;1\/2&#8243;][vc_column_text]\n<h2>Wir zeigen Euch Alles!<\/h2>\n<div class=\"blocksatz\">\n<p>Auch schon mal davon getr\u00e4umt, dass sich sexy Damen komplett nackt in der \u00d6ffentlichkeit zeigen? Wir pr\u00e4sentieren auf unseren Online-Seiten faszinierende Public Nudity-Bilder sowie Nackt-Videos von zeigefreudigen Girls, die Spa\u00df daran haben, sich auf der Stra\u00dfe zu entbl\u00f6\u00dfen. \u00dcberraschte und begeisternde Blicke an \u00f6ffentlichen Pl\u00e4tzen auf sich zu ziehen \u2013 das ist das Gr\u00f6\u00dfte f\u00fcr die tollen Frauen, die sich vor unserer Kamera leidenschaftlich gern ausziehen.Wir weisen explizit darauf hin, dass sich die anbetungsw\u00fcrdigen Girls nicht irgendwo zu sp\u00e4ter Stunde an verlassenen Orten entbl\u00e4ttert haben. Genau das Gegenteil ist der Fall!<\/p>\n<\/div>\n[\/vc_column_text]<div class=\"vcex-spacing wpex-w-100 wpex-clear\" style=\"height:15px;\"><\/div>[vc_column_text]<div id=\"wpfp_90e1ce3bdb2a665651cc04b03fa6d5fc\" data-item=\"{&quot;sources&quot;:[{&quot;src&quot;:&quot;https:\\\/\\\/static2.nip-activity.com\\\/wp-content\\\/uploads\\\/2018\\\/02\\\/promo_index_clip2de.mp4&quot;,&quot;type&quot;:&quot;video\\\/mp4&quot;}],&quot;splash&quot;:&quot;https:\\\/\\\/static2.nip-activity.com\\\/wp-content\\\/uploads\\\/2018\\\/01\\\/monalee_index.jpg&quot;,&quot;duration&quot;:85.6584}\" class=\"freedomplayer flowplayer no-brand is-splash is-paused skin-slim no-svg fp-slim fp-edgy\" style=\"position:relative; max-width: 1080px; max-height: 608.904px; \" data-fullscreen=\"false\" data-ratio=\"0.5638\" data-overlay_show_after=\"15\" data-advance=\"false\">\n\t<div class=\"fp-ratio\" style=\"padding-top: 56.38%\"><\/div>\n\t<img wpfc-lazyload-disable=\"true\" style=\"position:absolute;top:0;left:0;width:100%\" class=\"fp-splash\" alt=\"video\" src=\"https:\/\/static2.nip-activity.com\/wp-content\/uploads\/2018\/01\/monalee_index.jpg\" \/>\n\t<div class=\"fp-ui\" style=\"position:absolute\"><noscript>Please enable JavaScript<\/noscript><div class=\"fp-play fp-visible\"><svg class=\"fp-play-sharp-fill\" xmlns=\"http:\/\/www.w3.org\/2000\/svg\" viewBox=\"0 0 100 100\"><defs><style>.fp-color-play{opacity:0.65;}.controlbutton{fill:#fff;}<\/style><\/defs><title>play-sharp-fill<\/title><path class=\"fp-color-play\" d=\"M49.9217-.078a50,50,0,1,0,50,50A50.0564,50.0564,0,0,0,49.9217-.078Z\"\/><polygon class=\"controlbutton\" points=\"73.601 50 37.968 70.573 37.968 29.427 73.601 50\" filter=\"url(#f1)\"\/><\/svg><\/div><div class=\"fp-preload\"><b><\/b><b><\/b><b><\/b><b><\/b><\/div><\/div>\n<div id=\"wpfp_90e1ce3bdb2a665651cc04b03fa6d5fc_custom_background\" class=\"wpfp_custom_background\" style=\"background-image: url('https:\/\/static2.nip-activity.com\/wp-content\/uploads\/2018\/01\/monalee_index.jpg')\"><a class=\"fp-icon fp-playbtn\"><\/a><\/div><div class=\"fvfp_duration\">01:26<\/div>\n<\/div>\n\n[\/vc_column_text]<div class=\"vcex-spacing wpex-w-100 wpex-clear\" style=\"height:10px;\"><\/div>[vc_column_text]\n<div class=\"blocksatz\">\n<h2>Komplett nackt in der \u00d6ffentlichkeit<\/h2>\n<p>Werden auch Sie zum Regisseur der beliebten NIP-Shootings! Ob Einkaufscenter, auf offener Stra\u00dfe, in der Fu\u00dfg\u00e4ngerzone, in der Stra\u00dfenbahn oder im Eiscaf\u00e9 \u2013 Sie entscheiden bis zur letzten Minute, wo sich die hei\u00dfen Damen entbl\u00e4ttern sollen.<br \/>\nNackt in der \u00d6ffentlichkeit \u2013 alle Bilder sowie s\u00e4mtliche Videos von unseren Shootings werden unzensiert in gro\u00dfer Aufl\u00f6sung (3000 x 2000 Pixel) pr\u00e4sentiert. Bei uns verpassen Sie nichts! Alle Vorkommnisse, positiv und negativ, werden schonungslos in unseren Filmen gezeigt, sodass Sie bei nip-activity.com voll auf Ihre Kosten kommen.<\/p>\n<\/div>\n[\/vc_column_text]<div class=\"vcex-spacing wpex-w-100 wpex-clear\" style=\"height:20px;\"><\/div>[vc_column_text css=&#8220;&#8220;]\n<p><a href=\"https:\/\/nip-activity.com\/de\/nackt-im-freien\/\"><img wpfc-lazyload-disable=\"true\" loading=\"lazy\" decoding=\"async\" class=\"alignnone wp-image-76332 size-full\" src=\"https:\/\/nip-activity.com\/wp-content\/uploads\/2025\/07\/kira-luci510x227.jpg\" alt=\"hot nude in public pictures of Kira and Luci\" width=\"510\" height=\"227\" \/><\/a>[\/vc_column_text][\/vc_column][vc_column bg_color=&#8220;#000000&#8243; width=&#8220;1\/2&#8243;][vc_column_text]<a href=\"https:\/\/nip-activity.com\/de\/girls\/stadtflitzer\/\"><img wpfc-lazyload-disable=\"true\" loading=\"lazy\" decoding=\"async\" src=\"https:\/\/static2.nip-activity.com\/wp-content\/uploads\/2020\/10\/stella-cox510x227.jpg\" alt=\"sexy nude in public movie of babe Stella Cox\" width=\"510\" height=\"227\" \/><\/a>[\/vc_column_text]<div class=\"vcex-spacing wpex-w-100 wpex-clear\" style=\"height:5px;\"><\/div>[vc_column_text css=&#8220;.vc_custom_1429653016867{background-color: #000000 !important;}&#8220;]\n<div class=\"blocksatz\">\u00dcberall dort, wo sich viele Passanten und Touristen in den Metropolen tummeln, waren unsere Girls beliebter als jede Sehensw\u00fcrdigkeit. Sehen Sie selbst, der Erfolg gibt uns Recht! Bei nip-activity.com zeigen sich die hei\u00dfesten und s\u00fc\u00dfesten Frauen nackt in der \u00d6ffentlichkeit. F\u00fcr unsere Auswahl klopfen wir uns selbst gerne auf die Schulter!<\/div>\n<h2>Atemberaubende Frauen nackt in der \u00d6ffentlichkeit<\/h2>\n<div class=\"blocksatz\">\u00dcbrigens: Den Namen NIP ACTIVITY haben wir nicht ohne Grund gew\u00e4hlt. NIP ist eine Abk\u00fcrzung f\u00fcr \u201cNude In Public\u201c und unsere Mitglieder haben die M\u00f6glichkeit, sich aktiv in unsere Nacktshootings mit einzubringen. Sie stimmen in unserem Members-Bereich vor jedem Nude-In-Public-Shooting ab, wo sich unsere Girls ausziehen und was sie nackt in der \u00d6ffentlichkeit machen sollen.<\/div>\n[\/vc_column_text]<div class=\"vcex-spacing wpex-w-100 wpex-clear\" style=\"height:10px;\"><\/div>[vc_column_text]<div id=\"wpfp_207a4b3b516701125766cf05c29e958f\" data-item=\"{&quot;sources&quot;:[{&quot;src&quot;:&quot;https:\\\/\\\/static2.nip-activity.com\\\/wp-content\\\/uploads\\\/2018\\\/02\\\/promo_index_clip1de.mp4&quot;,&quot;type&quot;:&quot;video\\\/mp4&quot;}],&quot;splash&quot;:&quot;https:\\\/\\\/static2.nip-activity.com\\\/wp-content\\\/uploads\\\/2024\\\/06\\\/drahomira486x274.jpg&quot;,&quot;duration&quot;:86.355}\" class=\"freedomplayer flowplayer no-brand is-splash is-paused skin-slim no-svg fp-slim fp-edgy\" style=\"position:relative; max-width: 1080px; max-height: 608.904px; \" data-fullscreen=\"false\" data-ratio=\"0.5638\" data-overlay_show_after=\"15\" data-advance=\"false\">\n\t<div class=\"fp-ratio\" style=\"padding-top: 56.38%\"><\/div>\n\t<img wpfc-lazyload-disable=\"true\" loading=\"lazy\" class=\"fp-splash\" alt=\"video\" src=\"https:\/\/static2.nip-activity.com\/wp-content\/uploads\/2024\/06\/drahomira486x274.jpg\" \/>\n\t<div class=\"fp-ui\" style=\"position:absolute\"><noscript>Please enable JavaScript<\/noscript><div class=\"fp-play fp-visible\"><svg class=\"fp-play-sharp-fill\" xmlns=\"http:\/\/www.w3.org\/2000\/svg\" viewBox=\"0 0 100 100\"><defs><style>.fp-color-play{opacity:0.65;}.controlbutton{fill:#fff;}<\/style><\/defs><title>play-sharp-fill<\/title><path class=\"fp-color-play\" d=\"M49.9217-.078a50,50,0,1,0,50,50A50.0564,50.0564,0,0,0,49.9217-.078Z\"\/><polygon class=\"controlbutton\" points=\"73.601 50 37.968 70.573 37.968 29.427 73.601 50\" filter=\"url(#f1)\"\/><\/svg><\/div><div class=\"fp-preload\"><b><\/b><b><\/b><b><\/b><b><\/b><\/div><\/div>\n<div id=\"wpfp_207a4b3b516701125766cf05c29e958f_custom_background\" class=\"wpfp_custom_background\" style=\"background-image: url('https:\/\/static2.nip-activity.com\/wp-content\/uploads\/2024\/06\/drahomira486x274.jpg')\"><a class=\"fp-icon fp-playbtn\"><\/a><\/div><div class=\"fvfp_duration\">01:26<\/div>\n<\/div>\n[\/vc_column_text]<div class=\"vcex-spacing wpex-w-100 wpex-clear\" style=\"height:5px;\"><\/div>[vc_column_text]\n<h2>Haufenweise NIP Bilder und Videos der Extraklasse!<\/h2>\n<div class=\"blocksatz\">Beifall, sch\u00fcchterne Zurufe, lustige Momente, aber auch Beschimpfungen und manchmal auch das Festhalten durch Polizisten finden in unseren Videos statt. Zugegeben, ein gewisser Nervenkitzel ist immer dabei, wenn sich unsere anmutenden M\u00e4dels nackt in der \u00d6ffentlichkeit zeigen.<br \/>\nUnd da es nie im Verborgenen passiert, sondern stets dort, wo der \u201cB\u00e4r steppt\u201c, kann sich jeder vorstellen, dass jedes Nude-In-Public-Shooting ein Erlebnis ist. Sexy Girls nackt in der \u00d6ffentlichkeit \u2013 bei nip-activity.com ein Hit!<\/div>\n[\/vc_column_text][\/vc_column][\/vc_row][vc_row margin_top=&#8220;15&#8243;][vc_column]<div class=\"vcex-module vcex-divider vcex-divider-solid vcex-divider-center wpex-mx-auto wpex-max-w-100 wpex-block wpex-h-0 wpex-border-b wpex-border-solid wpex-border-main\" style=\"width:100%;border-bottom-width:1px;\"><\/div>[\/vc_column][\/vc_row][vc_row][vc_column padding_left=&#8220;10px&#8220; padding_right=&#8220;10px&#8220;][vc_column_text css=&#8220;.vc_custom_1498660597541{padding-right: 10px !important;padding-left: 10px !important;}&#8220;]\n<h2 style=\"text-align: center;\">Was ist eigentlich NIP?<\/h2>\n<div class=\"blocksatz\"><strong>NIP<\/strong> steht f\u00fcr <strong>Nude in Public<\/strong>, was auf Deutsch \u201e<strong>nackt in der \u00d6ffentlichkeit<\/strong>\u201c bedeutet. Es ist eine spezielle Form des <em>Exhibitionismus<\/em>. Oft werden von den Akteuren dabei spontan die Geschlechtsteile in der \u00d6ffentlichkeit kurzzeitig entbl\u00f6\u00dft (flashing) oder ganz und gar zur Schau gestellt. Der Reiz f\u00fcr die Zuschauer und die Modelle liegt im Unvorhersehbaren. Keiner wei\u00df zuvor wie die Reaktionen auf dieses gesellschaftlich anst\u00f6\u00dfige Verhalten sein werden. Viele Modelle genie\u00dfen aber auch einfach die Blicke der Passanten. Sie f\u00fchlen sich und ihren Mut darin best\u00e4tigt, wenn ihre nackten K\u00f6rper bestaunt werden. W\u00e4hrend <em>Nacktheit in der \u00d6ffentlichkeit<\/em> in einigen L\u00e4ndern nur eine kleine Ordnungswidrigkeit darstellt, ist das <em>\u00f6ffentliche Entbl\u00f6\u00dfen<\/em> vielerorts eine nicht unbedeutsame Straftat.<\/div>\n[\/vc_column_text]<div class=\"vcex-spacing wpex-w-100 wpex-clear\" style=\"height:5px;\"><\/div>[\/vc_column][\/vc_row][vc_row][vc_column]<div class=\"vcex-module vcex-divider vcex-divider-solid vcex-divider-center wpex-mx-auto wpex-block wpex-h-0 wpex-border-b wpex-border-solid wpex-border-main\"><\/div>[\/vc_column][\/vc_row][vc_row][vc_column width=&#8220;1\/2&#8243;][vc_column_text css=&#8220;.vc_custom_1541623220104{margin-top: 12px !important;margin-bottom: 12px !important;}&#8220;]\n<div class=\"centered\"><a class=\"btn-green-small\" title=\"get your full access now\" href=\"https:\/\/member.nip-activity.com\/account\/signup\">ERHALTE SOFORTIGEN ZUGANG<\/a><\/div>\n[\/vc_column_text][\/vc_column][vc_column width=&#8220;1\/2&#8243;][vc_column_text css=&#8220;.vc_custom_1520937866857{margin-top: 12px !important;margin-bottom: 12px !important;}&#8220;]\n<div class=\"centered\"><a class=\"button-tour-blue\" title=\"public nudity videos\" href=\"https:\/\/nip-activity.com\/de\/nackt-unterwegs\/\">HIER GEHT ES ZUR VORSCHAU<\/a><\/div>\n[\/vc_column_text][\/vc_column][\/vc_row][vc_row][vc_column]<div class=\"vcex-module vcex-divider vcex-divider-solid vcex-divider-center wpex-mx-auto wpex-max-w-100 wpex-block wpex-h-0 wpex-border-b wpex-border-solid wpex-border-main\" style=\"width:100%;border-bottom-width:1px;\"><\/div>[\/vc_column][\/vc_row][vc_row][vc_column][vc_single_image image=&#8220;3399&#8243; css_animation=&#8220;none&#8220; alignment=&#8220;center&#8220; css=&#8220;&#8220;][\/vc_column][\/vc_row][vc_row css=&#8220;.vc_custom_1744043395296{margin-top: 5px !important;}&#8220;][vc_column]<div class=\"vcex-module vcex-divider vcex-divider-solid vcex-divider-center wpex-mx-auto wpex-max-w-100 wpex-block wpex-h-0 wpex-border-b wpex-border-solid wpex-border-main\" style=\"width:100%;border-bottom-width:1px;\"><\/div>[\/vc_column][\/vc_row]\n<\/div>","protected":false},"excerpt":{"rendered":"<p>[vc_row][vc_column][\/vc_column][\/vc_row][vc_row center_row=&#8220;yes&#8220; bg_color=&#8220;#000000&#8243;][vc_column bg_color=&#8220;#000000&#8243;][vc_column_text css_animation=&#8220;none&#8220;] Letztes Update: 04. Mai 2026 Girls nackt in der \u00d6ffentlichkeit &#8211; nip-activity.com zeigt\u2019s euch [\/vc_column_text][\/vc_column][\/vc_row][vc_row][vc_column][\/vc_column][\/vc_row][vc_row bg_color=&#8220;#000000&#8243;][vc_column typo_style=&#8220;light&#8220; bg_color=&#8220;#000000&#8243; padding_right=&#8220;10px&#8220; width=&#8220;1\/2&#8243;][vc_column_text] Wir zeigen Euch Alles! Auch schon mal davon getr\u00e4umt, dass sich sexy Damen komplett nackt in der \u00d6ffentlichkeit zeigen? Wir pr\u00e4sentieren auf unseren Online-Seiten faszinierende Public Nudity-Bilder sowie Nackt-Videos von&hellip;<\/p>\n","protected":false},"author":3,"featured_media":0,"parent":0,"menu_order":0,"comment_status":"closed","ping_status":"closed","template":"","meta":{"footnotes":""},"class_list":["post-828","page","type-page","status-publish","hentry","entry","no-media"],"yoast_head":"<!-- This site is optimized with the Yoast SEO plugin v27.5 - https:\/\/yoast.com\/product\/yoast-seo-wordpress\/ -->\n<title>Nackt in der \u00d6ffentlichkeit | Frauen nackt in der \u00d6ffentlichkeit<\/title>\n<meta name=\"description\" content=\"Frauen nackt in der \u00d6ffentlichkeit. Bilder und Filme von h\u00fcbschen M\u00e4dchen die nackt den Kick in der \u00d6ffentlichkeit suchen.\" \/>\n<meta name=\"robots\" content=\"index, follow, max-snippet:-1, max-image-preview:large, max-video-preview:-1\" \/>\n<link rel=\"canonical\" href=\"https:\/\/nip-activity.com\/de\/\" \/>\n<meta property=\"og:locale\" content=\"de_DE\" \/>\n<meta property=\"og:type\" content=\"article\" \/>\n<meta property=\"og:title\" content=\"Nackt in der \u00d6ffentlichkeit | Frauen nackt in der \u00d6ffentlichkeit\" \/>\n<meta property=\"og:description\" content=\"Frauen nackt in der \u00d6ffentlichkeit. Bilder und Filme von h\u00fcbschen M\u00e4dchen die nackt den Kick in der \u00d6ffentlichkeit suchen.\" \/>\n<meta property=\"og:url\" content=\"https:\/\/nip-activity.com\/de\/\" \/>\n<meta property=\"og:site_name\" content=\"NIP-Activity.com\" \/>\n<meta property=\"article:modified_time\" content=\"2026-05-04T08:10:12+00:00\" \/>\n<meta property=\"og:image\" content=\"https:\/\/nip-activity.com\/wp-content\/uploads\/2025\/07\/kira-luci510x227.jpg\" \/>\n<meta name=\"twitter:label1\" content=\"Gesch\u00e4tzte Lesezeit\" \/>\n\t<meta name=\"twitter:data1\" content=\"4\u00a0Minuten\" \/>\n<script type=\"application\/ld+json\" class=\"yoast-schema-graph\">{\"@context\":\"https:\\\/\\\/schema.org\",\"@graph\":[{\"@type\":\"WebPage\",\"@id\":\"https:\\\/\\\/nip-activity.com\\\/de\\\/\",\"url\":\"https:\\\/\\\/nip-activity.com\\\/de\\\/\",\"name\":\"Nackt in der \u00d6ffentlichkeit | Frauen nackt in der \u00d6ffentlichkeit\",\"isPartOf\":{\"@id\":\"https:\\\/\\\/nip-activity.com\\\/de\\\/#website\"},\"primaryImageOfPage\":{\"@id\":\"https:\\\/\\\/nip-activity.com\\\/de\\\/#primaryimage\"},\"image\":{\"@id\":\"https:\\\/\\\/nip-activity.com\\\/de\\\/#primaryimage\"},\"thumbnailUrl\":\"https:\\\/\\\/nip-activity.com\\\/wp-content\\\/uploads\\\/2025\\\/07\\\/kira-luci510x227.jpg\",\"datePublished\":\"2015-04-21T08:28:01+00:00\",\"dateModified\":\"2026-05-04T08:10:12+00:00\",\"description\":\"Frauen nackt in der \u00d6ffentlichkeit. Bilder und Filme von h\u00fcbschen M\u00e4dchen die nackt den Kick in der \u00d6ffentlichkeit suchen.\",\"breadcrumb\":{\"@id\":\"https:\\\/\\\/nip-activity.com\\\/de\\\/#breadcrumb\"},\"inLanguage\":\"de\",\"potentialAction\":[{\"@type\":\"ReadAction\",\"target\":[\"https:\\\/\\\/nip-activity.com\\\/de\\\/\"]}]},{\"@type\":\"ImageObject\",\"inLanguage\":\"de\",\"@id\":\"https:\\\/\\\/nip-activity.com\\\/de\\\/#primaryimage\",\"url\":\"https:\\\/\\\/nip-activity.com\\\/wp-content\\\/uploads\\\/2025\\\/07\\\/kira-luci510x227.jpg\",\"contentUrl\":\"https:\\\/\\\/nip-activity.com\\\/wp-content\\\/uploads\\\/2025\\\/07\\\/kira-luci510x227.jpg\"},{\"@type\":\"BreadcrumbList\",\"@id\":\"https:\\\/\\\/nip-activity.com\\\/de\\\/#breadcrumb\",\"itemListElement\":[{\"@type\":\"ListItem\",\"position\":1,\"name\":\"Home\",\"item\":\"https:\\\/\\\/nip-activity.com\\\/de\\\/\"},{\"@type\":\"ListItem\",\"position\":2,\"name\":\"Startseite\"}]},{\"@type\":\"WebSite\",\"@id\":\"https:\\\/\\\/nip-activity.com\\\/de\\\/#website\",\"url\":\"https:\\\/\\\/nip-activity.com\\\/de\\\/\",\"name\":\"NIP-Activity.com\",\"description\":\"Nude in Public\",\"publisher\":{\"@id\":\"https:\\\/\\\/nip-activity.com\\\/de\\\/#organization\"},\"potentialAction\":[{\"@type\":\"SearchAction\",\"target\":{\"@type\":\"EntryPoint\",\"urlTemplate\":\"https:\\\/\\\/nip-activity.com\\\/de\\\/?s={search_term_string}\"},\"query-input\":{\"@type\":\"PropertyValueSpecification\",\"valueRequired\":true,\"valueName\":\"search_term_string\"}}],\"inLanguage\":\"de\"},{\"@type\":\"Organization\",\"@id\":\"https:\\\/\\\/nip-activity.com\\\/de\\\/#organization\",\"name\":\"NIP-Activity.com\",\"url\":\"https:\\\/\\\/nip-activity.com\\\/de\\\/\",\"logo\":{\"@type\":\"ImageObject\",\"inLanguage\":\"de\",\"@id\":\"https:\\\/\\\/nip-activity.com\\\/de\\\/#\\\/schema\\\/logo\\\/image\\\/\",\"url\":\"https:\\\/\\\/nip-activity.com\\\/wp-content\\\/uploads\\\/2021\\\/06\\\/logo3-nude-in-public.png\",\"contentUrl\":\"https:\\\/\\\/nip-activity.com\\\/wp-content\\\/uploads\\\/2021\\\/06\\\/logo3-nude-in-public.png\",\"width\":265,\"height\":40,\"caption\":\"NIP-Activity.com\"},\"image\":{\"@id\":\"https:\\\/\\\/nip-activity.com\\\/de\\\/#\\\/schema\\\/logo\\\/image\\\/\"}}]}<\/script>\n<!-- \/ Yoast SEO plugin. -->","yoast_head_json":{"title":"Nackt in der \u00d6ffentlichkeit | Frauen nackt in der \u00d6ffentlichkeit","description":"Frauen nackt in der \u00d6ffentlichkeit. Bilder und Filme von h\u00fcbschen M\u00e4dchen die nackt den Kick in der \u00d6ffentlichkeit suchen.","robots":{"index":"index","follow":"follow","max-snippet":"max-snippet:-1","max-image-preview":"max-image-preview:large","max-video-preview":"max-video-preview:-1"},"canonical":"https:\/\/nip-activity.com\/de\/","og_locale":"de_DE","og_type":"article","og_title":"Nackt in der \u00d6ffentlichkeit | Frauen nackt in der \u00d6ffentlichkeit","og_description":"Frauen nackt in der \u00d6ffentlichkeit. Bilder und Filme von h\u00fcbschen M\u00e4dchen die nackt den Kick in der \u00d6ffentlichkeit suchen.","og_url":"https:\/\/nip-activity.com\/de\/","og_site_name":"NIP-Activity.com","article_modified_time":"2026-05-04T08:10:12+00:00","og_image":[{"url":"https:\/\/nip-activity.com\/wp-content\/uploads\/2025\/07\/kira-luci510x227.jpg","type":"","width":"","height":""}],"twitter_misc":{"Gesch\u00e4tzte Lesezeit":"4\u00a0Minuten"},"schema":{"@context":"https:\/\/schema.org","@graph":[{"@type":"WebPage","@id":"https:\/\/nip-activity.com\/de\/","url":"https:\/\/nip-activity.com\/de\/","name":"Nackt in der \u00d6ffentlichkeit | Frauen nackt in der \u00d6ffentlichkeit","isPartOf":{"@id":"https:\/\/nip-activity.com\/de\/#website"},"primaryImageOfPage":{"@id":"https:\/\/nip-activity.com\/de\/#primaryimage"},"image":{"@id":"https:\/\/nip-activity.com\/de\/#primaryimage"},"thumbnailUrl":"https:\/\/nip-activity.com\/wp-content\/uploads\/2025\/07\/kira-luci510x227.jpg","datePublished":"2015-04-21T08:28:01+00:00","dateModified":"2026-05-04T08:10:12+00:00","description":"Frauen nackt in der \u00d6ffentlichkeit. Bilder und Filme von h\u00fcbschen M\u00e4dchen die nackt den Kick in der \u00d6ffentlichkeit suchen.","breadcrumb":{"@id":"https:\/\/nip-activity.com\/de\/#breadcrumb"},"inLanguage":"de","potentialAction":[{"@type":"ReadAction","target":["https:\/\/nip-activity.com\/de\/"]}]},{"@type":"ImageObject","inLanguage":"de","@id":"https:\/\/nip-activity.com\/de\/#primaryimage","url":"https:\/\/nip-activity.com\/wp-content\/uploads\/2025\/07\/kira-luci510x227.jpg","contentUrl":"https:\/\/nip-activity.com\/wp-content\/uploads\/2025\/07\/kira-luci510x227.jpg"},{"@type":"BreadcrumbList","@id":"https:\/\/nip-activity.com\/de\/#breadcrumb","itemListElement":[{"@type":"ListItem","position":1,"name":"Home","item":"https:\/\/nip-activity.com\/de\/"},{"@type":"ListItem","position":2,"name":"Startseite"}]},{"@type":"WebSite","@id":"https:\/\/nip-activity.com\/de\/#website","url":"https:\/\/nip-activity.com\/de\/","name":"NIP-Activity.com","description":"Nude in Public","publisher":{"@id":"https:\/\/nip-activity.com\/de\/#organization"},"potentialAction":[{"@type":"SearchAction","target":{"@type":"EntryPoint","urlTemplate":"https:\/\/nip-activity.com\/de\/?s={search_term_string}"},"query-input":{"@type":"PropertyValueSpecification","valueRequired":true,"valueName":"search_term_string"}}],"inLanguage":"de"},{"@type":"Organization","@id":"https:\/\/nip-activity.com\/de\/#organization","name":"NIP-Activity.com","url":"https:\/\/nip-activity.com\/de\/","logo":{"@type":"ImageObject","inLanguage":"de","@id":"https:\/\/nip-activity.com\/de\/#\/schema\/logo\/image\/","url":"https:\/\/nip-activity.com\/wp-content\/uploads\/2021\/06\/logo3-nude-in-public.png","contentUrl":"https:\/\/nip-activity.com\/wp-content\/uploads\/2021\/06\/logo3-nude-in-public.png","width":265,"height":40,"caption":"NIP-Activity.com"},"image":{"@id":"https:\/\/nip-activity.com\/de\/#\/schema\/logo\/image\/"}}]}},"_links":{"self":[{"href":"https:\/\/nip-activity.com\/de\/wp-json\/wp\/v2\/pages\/828","targetHints":{"allow":["GET"]}}],"collection":[{"href":"https:\/\/nip-activity.com\/de\/wp-json\/wp\/v2\/pages"}],"about":[{"href":"https:\/\/nip-activity.com\/de\/wp-json\/wp\/v2\/types\/page"}],"author":[{"embeddable":true,"href":"https:\/\/nip-activity.com\/de\/wp-json\/wp\/v2\/users\/3"}],"replies":[{"embeddable":true,"href":"https:\/\/nip-activity.com\/de\/wp-json\/wp\/v2\/comments?post=828"}],"version-history":[{"count":32,"href":"https:\/\/nip-activity.com\/de\/wp-json\/wp\/v2\/pages\/828\/revisions"}],"predecessor-version":[{"id":79382,"href":"https:\/\/nip-activity.com\/de\/wp-json\/wp\/v2\/pages\/828\/revisions\/79382"}],"wp:attachment":[{"href":"https:\/\/nip-activity.com\/de\/wp-json\/wp\/v2\/media?parent=828"}],"curies":[{"name":"wp","href":"https:\/\/api.w.org\/{rel}","templated":true}]}}