{"id":2540,"date":"2015-04-25T08:52:09","date_gmt":"2015-04-25T08:52:09","guid":{"rendered":"http:\/\/nip-activity.com\/neueseite\/?page_id=2540"},"modified":"2026-04-23T05:05:12","modified_gmt":"2026-04-23T09:05:12","slug":"updates","status":"publish","type":"page","link":"https:\/\/nip-activity.com\/de\/updates\/","title":{"rendered":"Updates"},"content":{"rendered":"<div class=\"wpb-content-wrapper\">[vc_row][vc_column]<div class=\"vcex-module vcex-divider vcex-divider-solid vcex-divider-center wpex-mx-auto wpex-max-w-100 wpex-block wpex-h-0 wpex-border-b wpex-border-solid wpex-border-main\" style=\"width:100%;margin-block-end:10px;border-bottom-width:1px;\"><\/div>[vc_row_inner][vc_column_inner width=&#8220;1\/2&#8243;][vc_column_text css=&#8220;.vc_custom_1744041473462{padding-left: 20px !important;}&#8220;]<nav class=\"vcex-breadcrumbs vcex-breadcrumbs--links-inherit-color\"><span><span><a href=\"https:\/\/nip-activity.com\/de\/\">Home<\/a><\/span><\/span><\/nav>[\/vc_column_text][\/vc_column_inner][vc_column_inner width=&#8220;1\/2&#8243;][vc_column_text css=&#8220;.vc_custom_1430040101794{padding-right: 15px !important;}&#8220;]\n<h1 style=\"text-align: right;\">Nackt draussen, in der Stadt und an \u00f6ffentlichen Pl\u00e4tzen<\/h1>\n[\/vc_column_text][\/vc_column_inner][\/vc_row_inner]<div class=\"vcex-module vcex-divider vcex-divider-solid vcex-divider-center wpex-mx-auto wpex-max-w-100 wpex-block wpex-h-0 wpex-border-b wpex-border-solid wpex-border-main\" style=\"width:100%;border-bottom-width:1px;\"><\/div>[\/vc_column][\/vc_row][vc_row][vc_column width=&#8220;1\/3&#8243;][\/vc_column][vc_column width=&#8220;1\/3&#8243;][vc_single_image image=&#8220;79326&#8243; alignment=&#8220;center&#8220; onclick=&#8220;custom_link&#8220; img_link_target=&#8220;_blank&#8220; css=&#8220;&#8220; lightbox_gallery=&#8220;79322&#8243; link=&#8220;http:\/\/&#8220;][vc_column_text css=&#8220;&#8220;]\n<p style=\"text-align: center;\">A New Girl To Our Site<\/p>\n[\/vc_column_text][\/vc_column][vc_column width=&#8220;1\/3&#8243;][\/vc_column][\/vc_row][vc_row][vc_column width=&#8220;1\/3&#8243;][\/vc_column][vc_column width=&#8220;1\/3&#8243;][vc_single_image image=&#8220;79267&#8243; alignment=&#8220;center&#8220; onclick=&#8220;custom_link&#8220; img_link_target=&#8220;_blank&#8220; css=&#8220;&#8220; lightbox_gallery=&#8220;79264&#8243; link=&#8220;http:\/\/&#8220;][vc_column_text css=&#8220;&#8220;]\n<p style=\"text-align: center;\">Series 7: New Video and Pictures<\/p>\n[\/vc_column_text][\/vc_column][vc_column width=&#8220;1\/3&#8243;][\/vc_column][\/vc_row][vc_row][vc_column width=&#8220;1\/3&#8243;][vc_single_image image=&#8220;79244&#8243; alignment=&#8220;center&#8220; onclick=&#8220;custom_link&#8220; img_link_target=&#8220;_blank&#8220; css=&#8220;&#8220; lightbox_gallery=&#8220;79240&#8243; link=&#8220;http:\/\/&#8220;][vc_column_text css=&#8220;&#8220;]\n<p style=\"text-align: center;\">Series 5: New Video and Pictures<\/p>\n[\/vc_column_text][\/vc_column][vc_column width=&#8220;1\/3&#8243;][\/vc_column][vc_column width=&#8220;1\/3&#8243;][vc_single_image image=&#8220;79245&#8243; alignment=&#8220;center&#8220; onclick=&#8220;custom_link&#8220; img_link_target=&#8220;_blank&#8220; css=&#8220;&#8220; lightbox_gallery=&#8220;79239&#8243; link=&#8220;http:\/\/&#8220;][vc_column_text css=&#8220;&#8220;]\n<p style=\"text-align: center;\">Series 6: New Video and Pictures<\/p>\n[\/vc_column_text][\/vc_column][\/vc_row][vc_row][vc_column]<div class=\"vcex-module vcex-divider vcex-divider-solid vcex-divider-center wpex-mx-auto wpex-max-w-100 wpex-block wpex-h-0 wpex-border-b wpex-border-solid wpex-border-main\" style=\"width:100%;border-bottom-width:1px;\"><\/div>[\/vc_column][\/vc_row][vc_row][vc_column][vc_column_text]\n<h2 style=\"text-align: center;\">St\u00e4ndig neue Updates von tollen Frauen, die sich nackt drau\u00dfen am wohlsten f\u00fchlen<\/h2>\n<p style=\"text-align: justify;\">Sind wir doch mal ehrlich: Wenn sich atemberaubende Girls nackt drau\u00dfen toll bewegen k\u00f6nnen, schaut jeder gerne hin. \u00d6ffentliche Nacktheit ist provokant, aber auch stets ein echtes Highlight. Insbesondere dann, wenn sich die hei\u00dfen Damen an hochfrequentierten Pl\u00e4tzen oder auf offener Stra\u00dfe pl\u00f6tzlich ausziehen. Und damit Sie nichts von alldem verpassen, halten wir von Anfang bis Ende die Kamera drauf. Wie sich unsere Damen nackt drau\u00dfen in der \u00d6ffentlichkeit zeigen, k\u00f6nnen unsere Mitglieder sogar mitbestimmen. Also was die unbekleideten Frauen in \u00fcberf\u00fcllten Stra\u00dfen und Einkaufszentren \u201cerledigen\u201c sollen. Wir lassen Sie direkt mitbestimmen, wie die jeweilige Nacktchoreographie vonstatten gehen soll.<\/p>\n[\/vc_column_text][\/vc_column][\/vc_row][vc_row][vc_column]<div class=\"vcex-module vcex-divider vcex-divider-solid vcex-divider-center wpex-mx-auto wpex-max-w-100 wpex-block wpex-h-0 wpex-border-b wpex-border-solid wpex-border-main\" style=\"width:100%;border-bottom-width:1px;\"><\/div>[\/vc_column][\/vc_row][vc_row][vc_column width=&#8220;1\/3&#8243;][\/vc_column][vc_column width=&#8220;1\/3&#8243;][vc_single_image image=&#8220;79229&#8243; alignment=&#8220;center&#8220; onclick=&#8220;custom_link&#8220; img_link_target=&#8220;_blank&#8220; css=&#8220;&#8220; lightbox_gallery=&#8220;79225&#8243; link=&#8220;http:\/\/&#8220;][vc_column_text css=&#8220;&#8220;]\n<p style=\"text-align: center;\">Series 4: New Video and Pictures<\/p>\n[\/vc_column_text][\/vc_column][vc_column width=&#8220;1\/3&#8243;][\/vc_column][\/vc_row][vc_row][vc_column width=&#8220;1\/3&#8243;][vc_single_image image=&#8220;79208&#8243; alignment=&#8220;center&#8220; onclick=&#8220;custom_link&#8220; img_link_target=&#8220;_blank&#8220; css=&#8220;&#8220; lightbox_gallery=&#8220;79205&#8243; link=&#8220;http:\/\/&#8220;][vc_column_text css=&#8220;&#8220;]\n<p style=\"text-align: center;\">Series 3: Full Length Video Out Now<\/p>\n[\/vc_column_text][\/vc_column][vc_column width=&#8220;1\/3&#8243;][\/vc_column][vc_column width=&#8220;1\/3&#8243;][vc_single_image image=&#8220;79209&#8243; alignment=&#8220;center&#8220; onclick=&#8220;custom_link&#8220; img_link_target=&#8220;_blank&#8220; css=&#8220;&#8220; lightbox_gallery=&#8220;79203&#8243; link=&#8220;http:\/\/&#8220;][vc_column_text css=&#8220;&#8220;]\n<p style=\"text-align: center;\">Series 3: New Video and Pictures<\/p>\n[\/vc_column_text][\/vc_column][\/vc_row][vc_row][vc_column width=&#8220;1\/3&#8243;][vc_single_image image=&#8220;79188&#8243; alignment=&#8220;center&#8220; onclick=&#8220;custom_link&#8220; img_link_target=&#8220;_blank&#8220; css=&#8220;&#8220; lightbox_gallery=&#8220;79183&#8243; link=&#8220;http:\/\/&#8220;][vc_column_text css=&#8220;&#8220;]\n<p style=\"text-align: center;\">Easter Special: New Video and Pictures<\/p>\n[\/vc_column_text][\/vc_column][vc_column width=&#8220;1\/3&#8243;][\/vc_column][vc_column width=&#8220;1\/3&#8243;][vc_single_image image=&#8220;79189&#8243; alignment=&#8220;center&#8220; onclick=&#8220;custom_link&#8220; img_link_target=&#8220;_blank&#8220; css=&#8220;&#8220; lightbox_gallery=&#8220;79185&#8243; link=&#8220;http:\/\/&#8220;][vc_column_text css=&#8220;&#8220;]\n<p style=\"text-align: center;\">Series 1: Full Length Video Out Now<\/p>\n[\/vc_column_text][\/vc_column][\/vc_row][vc_row][vc_column]<div class=\"vcex-module vcex-divider vcex-divider-solid vcex-divider-center wpex-mx-auto wpex-max-w-100 wpex-block wpex-h-0 wpex-border-b wpex-border-solid wpex-border-main\" style=\"width:100%;border-bottom-width:1px;\"><\/div>[\/vc_column][\/vc_row][vc_row][vc_column][vc_column_text]\n<h2 style=\"text-align: center;\">Nackt drau\u00dfen &#8211; f\u00fcr unsere Girls ein Erlebnis<\/h2>\n<p style=\"text-align: justify;\">Dass unsere fantastischen M\u00e4dels sichtlich Freude daran haben, sich nackt drau\u00dfen auf \u00f6ffentlichen Pl\u00e4tzen zu zeigen, wird bei jedem Nude-In-Public-Shooting \u00fcberdeutlich. Sie schlendern nackt durch die Stra\u00dfen, sie treiben Sport, sie schlecken ein Eis vor aller Augen, sodass die M\u00e4nnerwelt gar nicht mehr wegsehen m\u00f6chte. So soll es aber auch sein, denn Nacktheit in der \u00d6ffentlichkeit ist etwas Sch\u00f6nes! Vielleicht kommen sie ja auch demn\u00e4chst in den Genuss, ein solches Schauspiel hautnah zu erleben. Wenn nicht, keine Sorge, unsere Kameras verpassen nichts und liefern Ihnen Bilder und Videos von wundersch\u00f6nen Nacktschnecken, die alle in ihren Bann ziehen. Wir liefern st\u00e4ndig neue Updates!<\/p>\n[\/vc_column_text][\/vc_column][\/vc_row][vc_row][vc_column]<div class=\"vcex-module vcex-divider vcex-divider-solid vcex-divider-center wpex-mx-auto wpex-max-w-100 wpex-block wpex-h-0 wpex-border-b wpex-border-solid wpex-border-main\" style=\"width:100%;border-bottom-width:1px;\"><\/div>[\/vc_column][\/vc_row][vc_row][vc_column width=&#8220;1\/3&#8243;][\/vc_column][vc_column width=&#8220;1\/3&#8243;][vc_single_image image=&#8220;79171&#8243; alignment=&#8220;center&#8220; onclick=&#8220;custom_link&#8220; img_link_target=&#8220;_blank&#8220; css=&#8220;&#8220; lightbox_gallery=&#8220;79168&#8243; link=&#8220;http:\/\/&#8220;][vc_column_text css=&#8220;&#8220;]\n<p style=\"text-align: center;\">Easter Special: New Video and Pictures<\/p>\n[\/vc_column_text][\/vc_column][vc_column width=&#8220;1\/3&#8243;][\/vc_column][\/vc_row][vc_row][vc_column width=&#8220;1\/3&#8243;][\/vc_column][vc_column width=&#8220;1\/3&#8243;][vc_single_image image=&#8220;79153&#8243; alignment=&#8220;center&#8220; onclick=&#8220;custom_link&#8220; img_link_target=&#8220;_blank&#8220; css=&#8220;&#8220; lightbox_gallery=&#8220;79149&#8243; link=&#8220;http:\/\/&#8220;][vc_column_text css=&#8220;&#8220;]\n<p style=\"text-align: center;\">Series 2: New Video and Pictures<\/p>\n[\/vc_column_text][\/vc_column][vc_column width=&#8220;1\/3&#8243;][\/vc_column][\/vc_row][vc_row][vc_column width=&#8220;1\/3&#8243;][\/vc_column][vc_column width=&#8220;1\/3&#8243;][vc_single_image image=&#8220;79126&#8243; alignment=&#8220;center&#8220; onclick=&#8220;custom_link&#8220; img_link_target=&#8220;_blank&#8220; css=&#8220;&#8220; lightbox_gallery=&#8220;79123&#8243; link=&#8220;http:\/\/&#8220;][vc_column_text css=&#8220;&#8220;]\n<p style=\"text-align: center;\">A New Girl To Our Site!<\/p>\n[\/vc_column_text][\/vc_column][vc_column width=&#8220;1\/3&#8243;][\/vc_column][\/vc_row][vc_row][vc_column]<div class=\"vcex-module vcex-divider vcex-divider-solid vcex-divider-center wpex-mx-auto wpex-max-w-100 wpex-block wpex-h-0 wpex-border-b wpex-border-solid wpex-border-main\" style=\"width:100%;border-bottom-width:1px;\"><\/div>[\/vc_column][\/vc_row][vc_row][vc_column][vc_column_text]\n<h2 style=\"text-align: center;\">Hei\u00dfe Damen lieben es, wenn sie nackt drau\u00dfen verschiedene Reaktionen ausl\u00f6sen<\/h2>\n<p style=\"text-align: justify;\">Unsere Berufung ist es, Ihnen immer wieder neue Nacktheiten zu zeigen, die f\u00fcr gro\u00dfes Aufsehen an \u00f6ffentlichen Pl\u00e4tzen sorgen. Unsere Kamera nimmt alles auf \u2013 auch die Dinge, die nicht unbedingt vorgesehen waren, aus unserer Sicht allerdings zeigenswert sind. Soll hei\u00dfen: Selbst wenn die Polizei unsere unglaublichen Nacktmodels dazu bringen m\u00f6chte, sich etwas anzuziehen, geh\u00f6rt es f\u00fcr uns dazu, auch diese Passagen zu zeigen. Das Gros der Reaktionen sind nat\u00fcrlich positiv bis euphorisch, schlie\u00dflich schaut sich jeder gern atemberaubende K\u00f6rper an. Unsere tollen Models sind nackt drau\u00dfen der Wahnsinn \u2013 solche Momente muss man gesehen haben. Genie\u00dfen Sie immer neue \u00f6ffentliche Nacktheit bei nip-activity.com.<\/p>\n[\/vc_column_text][\/vc_column][\/vc_row][vc_row][vc_column]<div class=\"vcex-module vcex-divider vcex-divider-solid vcex-divider-center wpex-mx-auto wpex-max-w-100 wpex-block wpex-h-0 wpex-border-b wpex-border-solid wpex-border-main\" style=\"width:100%;border-bottom-width:1px;\"><\/div>[\/vc_column][\/vc_row][vc_row][vc_column width=&#8220;1\/3&#8243;][\/vc_column][vc_column width=&#8220;1\/3&#8243;][vc_single_image image=&#8220;79104&#8243; alignment=&#8220;center&#8220; onclick=&#8220;custom_link&#8220; img_link_target=&#8220;_blank&#8220; css=&#8220;&#8220; lightbox_gallery=&#8220;79101&#8243; link=&#8220;http:\/\/&#8220;][vc_column_text css=&#8220;&#8220;]\n<p style=\"text-align: center;\">Series 4: New Video and Pictures<\/p>\n[\/vc_column_text][\/vc_column][vc_column width=&#8220;1\/3&#8243;][\/vc_column][\/vc_row][vc_row][vc_column width=&#8220;1\/3&#8243;][\/vc_column][vc_column width=&#8220;1\/3&#8243;][vc_single_image image=&#8220;79062&#8243; alignment=&#8220;center&#8220; onclick=&#8220;custom_link&#8220; img_link_target=&#8220;_blank&#8220; css=&#8220;&#8220; lightbox_gallery=&#8220;79059&#8243; link=&#8220;http:\/\/&#8220;][vc_column_text css=&#8220;&#8220;]\n<p style=\"text-align: center;\">Series 3: New Video and Pictures<\/p>\n[\/vc_column_text][\/vc_column][vc_column width=&#8220;1\/3&#8243;][\/vc_column][\/vc_row][vc_row][vc_column width=&#8220;1\/3&#8243;][vc_single_image image=&#8220;79041&#8243; alignment=&#8220;center&#8220; onclick=&#8220;custom_link&#8220; img_link_target=&#8220;_blank&#8220; css=&#8220;&#8220; lightbox_gallery=&#8220;79035&#8243; link=&#8220;http:\/\/&#8220;][vc_column_text css=&#8220;&#8220;]\n<p style=\"text-align: center;\">Series 6: New Video and Pictures<\/p>\n[\/vc_column_text][\/vc_column][vc_column width=&#8220;1\/3&#8243;][\/vc_column][vc_column width=&#8220;1\/3&#8243;][vc_single_image image=&#8220;79042&#8243; alignment=&#8220;center&#8220; onclick=&#8220;custom_link&#8220; img_link_target=&#8220;_blank&#8220; css=&#8220;&#8220; lightbox_gallery=&#8220;79037&#8243; link=&#8220;http:\/\/&#8220;][vc_column_text css=&#8220;&#8220;]\n<p style=\"text-align: center;\">Series 3: New Video and Pictures<\/p>\n[\/vc_column_text][\/vc_column][\/vc_row][vc_row][vc_column]<div class=\"vcex-module vcex-divider vcex-divider-solid vcex-divider-center wpex-mx-auto wpex-max-w-100 wpex-block wpex-h-0 wpex-border-b wpex-border-solid wpex-border-main\" style=\"width:100%;border-bottom-width:1px;\"><\/div>[\/vc_column][\/vc_row][vc_row][vc_column][vc_single_image image=&#8220;3399&#8243; css_animation=&#8220;appear&#8220; alignment=&#8220;center&#8220; css=&#8220;&#8220;][\/vc_column][\/vc_row][vc_row][vc_column]<div class=\"vcex-module vcex-divider vcex-divider-solid vcex-divider-center wpex-mx-auto wpex-max-w-100 wpex-block wpex-h-0 wpex-border-b wpex-border-solid wpex-border-main\" style=\"width:100%;border-bottom-width:1px;\"><\/div>[\/vc_column][\/vc_row][vc_row][vc_column][vc_column_text]\n<div class=\"centered\"><a class=\"btn-green-big-de\" title=\"erhalte hier zugang zu nip-activity\" href=\"https:\/\/member.nip-activity.com\/account\/signup\">ERHALTE HIER ZUGANG ZU NIP-ACTIVITY<\/a><\/div>\n[\/vc_column_text][\/vc_column][\/vc_row][vc_row][vc_column]<div class=\"vcex-module vcex-divider vcex-divider-solid vcex-divider-center wpex-mx-auto wpex-max-w-100 wpex-block wpex-h-0 wpex-border-b wpex-border-solid wpex-border-main\" style=\"width:100%;border-bottom-width:1px;\"><\/div>[\/vc_column][\/vc_row][vc_row][vc_column][vc_column_text css_animation=&#8220;appear&#8220; css=&#8220;&#8220;]\n<div class=\"centered\"><a href=\"https:\/\/nude-in-public.net\/\" target=\"_blank\" rel=\"nofollow noopener noreferrer\"><img wpfc-lazyload-disable=\"true\" loading=\"lazy\" decoding=\"async\" class=\"aligncenter wp-image-77025 size-full\" src=\"https:\/\/nip-activity.com\/wp-content\/uploads\/2025\/09\/vod_promo1-2.png\" alt=\"Video on Demand NIP\" width=\"920\" height=\"140\" srcset=\"https:\/\/nip-activity.com\/wp-content\/uploads\/2025\/09\/vod_promo1-2.png 920w, https:\/\/nip-activity.com\/wp-content\/uploads\/2025\/09\/vod_promo1-2-300x46.png 300w, https:\/\/nip-activity.com\/wp-content\/uploads\/2025\/09\/vod_promo1-2-768x117.png 768w\" sizes=\"auto, (max-width: 920px) 100vw, 920px\" \/><\/a><\/div>\n[\/vc_column_text][\/vc_column][\/vc_row][vc_row][vc_column]<div class=\"vcex-module vcex-divider vcex-divider-solid vcex-divider-center wpex-mx-auto wpex-max-w-100 wpex-block wpex-h-0 wpex-border-b wpex-border-solid wpex-border-main\" style=\"width:100%;border-bottom-width:1px;\"><\/div>[\/vc_column][\/vc_row]\n<\/div>","protected":false},"excerpt":{"rendered":"<p>[vc_row][vc_column][vc_row_inner][vc_column_inner width=&#8220;1\/2&#8243;][vc_column_text css=&#8220;.vc_custom_1744041473462{padding-left: 20px !important;}&#8220;][\/vc_column_text][\/vc_column_inner][vc_column_inner width=&#8220;1\/2&#8243;][vc_column_text css=&#8220;.vc_custom_1430040101794{padding-right: 15px !important;}&#8220;] Nackt draussen, in der Stadt und an \u00f6ffentlichen Pl\u00e4tzen [\/vc_column_text][\/vc_column_inner][\/vc_row_inner][\/vc_column][\/vc_row][vc_row][vc_column width=&#8220;1\/3&#8243;][\/vc_column][vc_column width=&#8220;1\/3&#8243;][vc_single_image image=&#8220;79326&#8243; alignment=&#8220;center&#8220; onclick=&#8220;custom_link&#8220; img_link_target=&#8220;_blank&#8220; css=&#8220;&#8220; lightbox_gallery=&#8220;79322&#8243; link=&#8220;http:\/\/&#8220;][vc_column_text css=&#8220;&#8220;] A New Girl To Our Site [\/vc_column_text][\/vc_column][vc_column width=&#8220;1\/3&#8243;][\/vc_column][\/vc_row][vc_row][vc_column width=&#8220;1\/3&#8243;][\/vc_column][vc_column width=&#8220;1\/3&#8243;][vc_single_image image=&#8220;79267&#8243; alignment=&#8220;center&#8220; onclick=&#8220;custom_link&#8220; img_link_target=&#8220;_blank&#8220; css=&#8220;&#8220; lightbox_gallery=&#8220;79264&#8243; link=&#8220;http:\/\/&#8220;][vc_column_text css=&#8220;&#8220;] Series 7: New Video and Pictures [\/vc_column_text][\/vc_column][vc_column width=&#8220;1\/3&#8243;][\/vc_column][\/vc_row][vc_row][vc_column&hellip;<\/p>\n","protected":false},"author":4,"featured_media":0,"parent":0,"menu_order":0,"comment_status":"closed","ping_status":"closed","template":"","meta":{"footnotes":""},"class_list":["post-2540","page","type-page","status-publish","hentry","entry","no-media"],"yoast_head":"<!-- This site is optimized with the Yoast SEO plugin v27.4 - https:\/\/yoast.com\/product\/yoast-seo-wordpress\/ -->\n<title>Nackt drau\u00dfen gefilmt - Nackige Frauen in der \u00d6ffentlichkeit<\/title>\n<meta name=\"description\" content=\"Wir haben die sch\u00f6nsten Frauen und M\u00e4dchen nackt drau\u00dfen in der \u00d6ffentlichkeit gefilmt. Sehe jetzt spektakul\u00e4re Aufnahmen!\" \/>\n<meta name=\"robots\" content=\"index, follow, max-snippet:-1, max-image-preview:large, max-video-preview:-1\" \/>\n<link rel=\"canonical\" href=\"https:\/\/nip-activity.com\/de\/updates\/\" \/>\n<meta property=\"og:locale\" content=\"de_DE\" \/>\n<meta property=\"og:type\" content=\"article\" \/>\n<meta property=\"og:title\" content=\"Nackt drau\u00dfen gefilmt - Nackige Frauen in der \u00d6ffentlichkeit\" \/>\n<meta property=\"og:description\" content=\"Wir haben die sch\u00f6nsten Frauen und M\u00e4dchen nackt drau\u00dfen in der \u00d6ffentlichkeit gefilmt. Sehe jetzt spektakul\u00e4re Aufnahmen!\" \/>\n<meta property=\"og:url\" content=\"https:\/\/nip-activity.com\/de\/updates\/\" \/>\n<meta property=\"og:site_name\" content=\"NIP-Activity.com\" \/>\n<meta property=\"article:modified_time\" content=\"2026-04-23T09:05:12+00:00\" \/>\n<meta property=\"og:image\" content=\"https:\/\/nip-activity.com\/wp-content\/uploads\/2025\/09\/vod_promo1-2.png\" \/>\n<meta name=\"twitter:label1\" content=\"Gesch\u00e4tzte Lesezeit\" \/>\n\t<meta name=\"twitter:data1\" content=\"10\u00a0Minuten\" \/>\n<script type=\"application\/ld+json\" class=\"yoast-schema-graph\">{\"@context\":\"https:\\\/\\\/schema.org\",\"@graph\":[{\"@type\":\"WebPage\",\"@id\":\"https:\\\/\\\/nip-activity.com\\\/de\\\/updates\\\/\",\"url\":\"https:\\\/\\\/nip-activity.com\\\/de\\\/updates\\\/\",\"name\":\"Nackt drau\u00dfen gefilmt - Nackige Frauen in der \u00d6ffentlichkeit\",\"isPartOf\":{\"@id\":\"https:\\\/\\\/nip-activity.com\\\/de\\\/#website\"},\"primaryImageOfPage\":{\"@id\":\"https:\\\/\\\/nip-activity.com\\\/de\\\/updates\\\/#primaryimage\"},\"image\":{\"@id\":\"https:\\\/\\\/nip-activity.com\\\/de\\\/updates\\\/#primaryimage\"},\"thumbnailUrl\":\"https:\\\/\\\/nip-activity.com\\\/wp-content\\\/uploads\\\/2025\\\/09\\\/vod_promo1-2.png\",\"datePublished\":\"2015-04-25T08:52:09+00:00\",\"dateModified\":\"2026-04-23T09:05:12+00:00\",\"description\":\"Wir haben die sch\u00f6nsten Frauen und M\u00e4dchen nackt drau\u00dfen in der \u00d6ffentlichkeit gefilmt. Sehe jetzt spektakul\u00e4re Aufnahmen!\",\"breadcrumb\":{\"@id\":\"https:\\\/\\\/nip-activity.com\\\/de\\\/updates\\\/#breadcrumb\"},\"inLanguage\":\"de\",\"potentialAction\":[{\"@type\":\"ReadAction\",\"target\":[\"https:\\\/\\\/nip-activity.com\\\/de\\\/updates\\\/\"]}]},{\"@type\":\"ImageObject\",\"inLanguage\":\"de\",\"@id\":\"https:\\\/\\\/nip-activity.com\\\/de\\\/updates\\\/#primaryimage\",\"url\":\"https:\\\/\\\/nip-activity.com\\\/wp-content\\\/uploads\\\/2025\\\/09\\\/vod_promo1-2.png\",\"contentUrl\":\"https:\\\/\\\/nip-activity.com\\\/wp-content\\\/uploads\\\/2025\\\/09\\\/vod_promo1-2.png\"},{\"@type\":\"BreadcrumbList\",\"@id\":\"https:\\\/\\\/nip-activity.com\\\/de\\\/updates\\\/#breadcrumb\",\"itemListElement\":[{\"@type\":\"ListItem\",\"position\":1,\"name\":\"Home\",\"item\":\"https:\\\/\\\/nip-activity.com\\\/de\\\/\"},{\"@type\":\"ListItem\",\"position\":2,\"name\":\"Updates\"}]},{\"@type\":\"WebSite\",\"@id\":\"https:\\\/\\\/nip-activity.com\\\/de\\\/#website\",\"url\":\"https:\\\/\\\/nip-activity.com\\\/de\\\/\",\"name\":\"NIP-Activity.com\",\"description\":\"Nude in Public\",\"publisher\":{\"@id\":\"https:\\\/\\\/nip-activity.com\\\/de\\\/#organization\"},\"potentialAction\":[{\"@type\":\"SearchAction\",\"target\":{\"@type\":\"EntryPoint\",\"urlTemplate\":\"https:\\\/\\\/nip-activity.com\\\/de\\\/?s={search_term_string}\"},\"query-input\":{\"@type\":\"PropertyValueSpecification\",\"valueRequired\":true,\"valueName\":\"search_term_string\"}}],\"inLanguage\":\"de\"},{\"@type\":\"Organization\",\"@id\":\"https:\\\/\\\/nip-activity.com\\\/de\\\/#organization\",\"name\":\"NIP-Activity.com\",\"url\":\"https:\\\/\\\/nip-activity.com\\\/de\\\/\",\"logo\":{\"@type\":\"ImageObject\",\"inLanguage\":\"de\",\"@id\":\"https:\\\/\\\/nip-activity.com\\\/de\\\/#\\\/schema\\\/logo\\\/image\\\/\",\"url\":\"https:\\\/\\\/nip-activity.com\\\/wp-content\\\/uploads\\\/2021\\\/06\\\/logo3-nude-in-public.png\",\"contentUrl\":\"https:\\\/\\\/nip-activity.com\\\/wp-content\\\/uploads\\\/2021\\\/06\\\/logo3-nude-in-public.png\",\"width\":265,\"height\":40,\"caption\":\"NIP-Activity.com\"},\"image\":{\"@id\":\"https:\\\/\\\/nip-activity.com\\\/de\\\/#\\\/schema\\\/logo\\\/image\\\/\"}}]}<\/script>\n<!-- \/ Yoast SEO plugin. -->","yoast_head_json":{"title":"Nackt drau\u00dfen gefilmt - Nackige Frauen in der \u00d6ffentlichkeit","description":"Wir haben die sch\u00f6nsten Frauen und M\u00e4dchen nackt drau\u00dfen in der \u00d6ffentlichkeit gefilmt. Sehe jetzt spektakul\u00e4re Aufnahmen!","robots":{"index":"index","follow":"follow","max-snippet":"max-snippet:-1","max-image-preview":"max-image-preview:large","max-video-preview":"max-video-preview:-1"},"canonical":"https:\/\/nip-activity.com\/de\/updates\/","og_locale":"de_DE","og_type":"article","og_title":"Nackt drau\u00dfen gefilmt - Nackige Frauen in der \u00d6ffentlichkeit","og_description":"Wir haben die sch\u00f6nsten Frauen und M\u00e4dchen nackt drau\u00dfen in der \u00d6ffentlichkeit gefilmt. Sehe jetzt spektakul\u00e4re Aufnahmen!","og_url":"https:\/\/nip-activity.com\/de\/updates\/","og_site_name":"NIP-Activity.com","article_modified_time":"2026-04-23T09:05:12+00:00","og_image":[{"url":"https:\/\/nip-activity.com\/wp-content\/uploads\/2025\/09\/vod_promo1-2.png","type":"","width":"","height":""}],"twitter_misc":{"Gesch\u00e4tzte Lesezeit":"10\u00a0Minuten"},"schema":{"@context":"https:\/\/schema.org","@graph":[{"@type":"WebPage","@id":"https:\/\/nip-activity.com\/de\/updates\/","url":"https:\/\/nip-activity.com\/de\/updates\/","name":"Nackt drau\u00dfen gefilmt - Nackige Frauen in der \u00d6ffentlichkeit","isPartOf":{"@id":"https:\/\/nip-activity.com\/de\/#website"},"primaryImageOfPage":{"@id":"https:\/\/nip-activity.com\/de\/updates\/#primaryimage"},"image":{"@id":"https:\/\/nip-activity.com\/de\/updates\/#primaryimage"},"thumbnailUrl":"https:\/\/nip-activity.com\/wp-content\/uploads\/2025\/09\/vod_promo1-2.png","datePublished":"2015-04-25T08:52:09+00:00","dateModified":"2026-04-23T09:05:12+00:00","description":"Wir haben die sch\u00f6nsten Frauen und M\u00e4dchen nackt drau\u00dfen in der \u00d6ffentlichkeit gefilmt. Sehe jetzt spektakul\u00e4re Aufnahmen!","breadcrumb":{"@id":"https:\/\/nip-activity.com\/de\/updates\/#breadcrumb"},"inLanguage":"de","potentialAction":[{"@type":"ReadAction","target":["https:\/\/nip-activity.com\/de\/updates\/"]}]},{"@type":"ImageObject","inLanguage":"de","@id":"https:\/\/nip-activity.com\/de\/updates\/#primaryimage","url":"https:\/\/nip-activity.com\/wp-content\/uploads\/2025\/09\/vod_promo1-2.png","contentUrl":"https:\/\/nip-activity.com\/wp-content\/uploads\/2025\/09\/vod_promo1-2.png"},{"@type":"BreadcrumbList","@id":"https:\/\/nip-activity.com\/de\/updates\/#breadcrumb","itemListElement":[{"@type":"ListItem","position":1,"name":"Home","item":"https:\/\/nip-activity.com\/de\/"},{"@type":"ListItem","position":2,"name":"Updates"}]},{"@type":"WebSite","@id":"https:\/\/nip-activity.com\/de\/#website","url":"https:\/\/nip-activity.com\/de\/","name":"NIP-Activity.com","description":"Nude in Public","publisher":{"@id":"https:\/\/nip-activity.com\/de\/#organization"},"potentialAction":[{"@type":"SearchAction","target":{"@type":"EntryPoint","urlTemplate":"https:\/\/nip-activity.com\/de\/?s={search_term_string}"},"query-input":{"@type":"PropertyValueSpecification","valueRequired":true,"valueName":"search_term_string"}}],"inLanguage":"de"},{"@type":"Organization","@id":"https:\/\/nip-activity.com\/de\/#organization","name":"NIP-Activity.com","url":"https:\/\/nip-activity.com\/de\/","logo":{"@type":"ImageObject","inLanguage":"de","@id":"https:\/\/nip-activity.com\/de\/#\/schema\/logo\/image\/","url":"https:\/\/nip-activity.com\/wp-content\/uploads\/2021\/06\/logo3-nude-in-public.png","contentUrl":"https:\/\/nip-activity.com\/wp-content\/uploads\/2021\/06\/logo3-nude-in-public.png","width":265,"height":40,"caption":"NIP-Activity.com"},"image":{"@id":"https:\/\/nip-activity.com\/de\/#\/schema\/logo\/image\/"}}]}},"_links":{"self":[{"href":"https:\/\/nip-activity.com\/de\/wp-json\/wp\/v2\/pages\/2540","targetHints":{"allow":["GET"]}}],"collection":[{"href":"https:\/\/nip-activity.com\/de\/wp-json\/wp\/v2\/pages"}],"about":[{"href":"https:\/\/nip-activity.com\/de\/wp-json\/wp\/v2\/types\/page"}],"author":[{"embeddable":true,"href":"https:\/\/nip-activity.com\/de\/wp-json\/wp\/v2\/users\/4"}],"replies":[{"embeddable":true,"href":"https:\/\/nip-activity.com\/de\/wp-json\/wp\/v2\/comments?post=2540"}],"version-history":[{"count":62,"href":"https:\/\/nip-activity.com\/de\/wp-json\/wp\/v2\/pages\/2540\/revisions"}],"predecessor-version":[{"id":79329,"href":"https:\/\/nip-activity.com\/de\/wp-json\/wp\/v2\/pages\/2540\/revisions\/79329"}],"wp:attachment":[{"href":"https:\/\/nip-activity.com\/de\/wp-json\/wp\/v2\/media?parent=2540"}],"curies":[{"name":"wp","href":"https:\/\/api.w.org\/{rel}","templated":true}]}}