{"id":2036,"date":"2015-04-22T19:48:22","date_gmt":"2015-04-22T19:48:22","guid":{"rendered":"http:\/\/nip-activity.com\/neueseite\/?page_id=2036"},"modified":"2025-04-07T11:49:18","modified_gmt":"2025-04-07T15:49:18","slug":"kritiken-und-links","status":"publish","type":"page","link":"https:\/\/nip-activity.com\/de\/kritiken-und-links\/","title":{"rendered":"Kritiken und Links"},"content":{"rendered":"<div class=\"wpb-content-wrapper\">[vc_row][vc_column]<div class=\"vcex-module vcex-divider vcex-divider-solid vcex-divider-center wpex-mx-auto wpex-max-w-100 wpex-block wpex-h-0 wpex-border-b wpex-border-solid wpex-border-main\" style=\"width:100%;border-bottom-width:1px;border-color:#ffffff;\"><\/div>[\/vc_column][\/vc_row][vc_row][vc_column width=&#8220;1\/2&#8243;][vc_column_text]\n<nav class=\"vcex-breadcrumbs vcex-breadcrumbs--links-inherit-color\"><span><span><a href=\"https:\/\/nip-activity.com\/de\/\">Home<\/a><\/span><\/span><\/nav>\n[\/vc_column_text][\/vc_column][vc_column width=&#8220;1\/2&#8243;][vc_column_text]\n[\/vc_column_text][\/vc_column][\/vc_row][vc_row][vc_column]<div class=\"vcex-module vcex-divider vcex-divider-solid vcex-divider-center wpex-mx-auto wpex-max-w-100 wpex-block wpex-h-0 wpex-border-b wpex-border-solid wpex-border-main\" style=\"width:100%;border-bottom-width:1px;border-color:#ffffff;\"><\/div>[\/vc_column][\/vc_row][vc_row][vc_column][vc_column_text]\n<h3 style=\"text-align: center;\"><span style=\"text-decoration: underline;\"><strong><span class=\"white-text\">Reviews of NIP-Activity.com<\/span><\/strong><\/span><br \/>\n<span class=\"white-text\">For external links to external content we can, despite careful content control no liability.<\/span><\/h3>\n[\/vc_column_text][\/vc_column][\/vc_row][vc_row][vc_column width=&#8220;1\/4&#8243;][vc_single_image image=&#8220;50337&#8243; alignment=&#8220;center&#8220; onclick=&#8220;custom_link&#8220; img_link_target=&#8220;_blank&#8220; link=&#8220;https:\/\/thebestfetishsites.com\/best-public-porn-sites\/nip-activity\/&#8220;][\/vc_column][vc_column width=&#8220;1\/4&#8243;][vc_column_text]<a href=\"https:\/\/selfloversworld.com\/nip-activity-reviews\" target=\"_new\" rel=\"noopener\"><img loading=\"lazy\" decoding=\"async\" class=\"aligncenter\" src=\"https:\/\/selfloversworld.com\/buttons\/4.2.gif\" alt=\"Nip Activity Reviews\" width=\"120\" height=\"90\" \/><\/a>[\/vc_column_text][\/vc_column][vc_column width=&#8220;1\/4&#8243;][vc_single_image image=&#8220;1881&#8243; alignment=&#8220;center&#8220; onclick=&#8220;custom_link&#8220; img_link_target=&#8220;_blank&#8220; link=&#8220;http:\/\/www.porninspector.com\/reviews\/review\/nip-activity\/&#8220;][\/vc_column][vc_column width=&#8220;1\/4&#8243;][vc_single_image image=&#8220;2012&#8243; alignment=&#8220;center&#8220; onclick=&#8220;custom_link&#8220; img_link_target=&#8220;_blank&#8220; link=&#8220;http:\/\/www.adultreviews.com\/review\/amateur\/nip-activity.html&#8220;][\/vc_column][\/vc_row][vc_row][vc_column width=&#8220;1\/4&#8243;][vc_single_image image=&#8220;1888&#8243; alignment=&#8220;center&#8220; onclick=&#8220;custom_link&#8220; img_link_target=&#8220;_blank&#8220; link=&#8220;http:\/\/adultsiteranking.com\/siteInfo.asp?s_idx=718&#8243;][\/vc_column][vc_column width=&#8220;1\/4&#8243;][vc_single_image image=&#8220;1887&#8243; alignment=&#8220;center&#8220; onclick=&#8220;custom_link&#8220; img_link_target=&#8220;_blank&#8220; link=&#8220;http:\/\/www.honestpornreviews.com\/nipactivity\/Review.cfm&#8220;][\/vc_column][vc_column width=&#8220;1\/4&#8243;][vc_single_image source=&#8220;external_link&#8220; external_img_size=&#8220;119&#215;59&#8243; alignment=&#8220;center&#8220; onclick=&#8220;custom_link&#8220; img_link_target=&#8220;_blank&#8220; link=&#8220;https:\/\/x3guide.com\/reviews\/nip-activity&#8220; custom_src=&#8220;https:\/\/x3guide.com\/Content\/img\/b\/x3guide-independent-reviews-119.png&#8220;][\/vc_column][vc_column width=&#8220;1\/4&#8243;][vc_single_image image=&#8220;1886&#8243; alignment=&#8220;center&#8220; onclick=&#8220;custom_link&#8220; img_link_target=&#8220;_blank&#8220; link=&#8220;http:\/\/www.pornreviews.com\/reviews\/public-nudity\/nip-activity.html&#8220;][\/vc_column][\/vc_row][vc_row][vc_column]<div class=\"vcex-module vcex-divider vcex-divider-solid vcex-divider-center wpex-mx-auto wpex-max-w-100 wpex-block wpex-h-0 wpex-border-b wpex-border-solid wpex-border-main\" style=\"width:100%;border-bottom-width:1px;\"><\/div>[\/vc_column][\/vc_row][vc_row][vc_column][vc_column_text]\n<h3 style=\"text-align: center;\"><span class=\"white-text\">Our Recommended Links<\/span><br \/>\n<span class=\"white-text\">For external links to external content we can, despite careful content control no liability.<\/span><\/h3>\n[\/vc_column_text][\/vc_column][\/vc_row][vc_row][vc_column width=&#8220;1\/2&#8243;][vc_single_image image=&#8220;2023&#8243; alignment=&#8220;center&#8220; onclick=&#8220;custom_link&#8220; img_link_target=&#8220;_blank&#8220; link=&#8220;https:\/\/www.macfarlandartfilm.com\/&#8220;][\/vc_column][vc_column width=&#8220;1\/2&#8243;][vc_single_image image=&#8220;2017&#8243; alignment=&#8220;center&#8220; onclick=&#8220;custom_link&#8220; img_link_target=&#8220;_blank&#8220; link=&#8220;http:\/\/www.synetechvideo.com&#8220;][\/vc_column][vc_column][\/vc_column][\/vc_row][vc_row][vc_column width=&#8220;1\/2&#8243;][\/vc_column][vc_column width=&#8220;1\/2&#8243;][vc_column_text]\n<p style=\"text-align: center;\"><a href=\"http:\/\/www.nudeinsf.com\" target=\"_blank\" rel=\"noopener noreferrer\">Nude in San Francisco<\/a><\/p>\n[\/vc_column_text][\/vc_column][\/vc_row][vc_row][vc_column width=&#8220;1\/2&#8243;][vc_single_image image=&#8220;2027&#8243; alignment=&#8220;center&#8220; onclick=&#8220;custom_link&#8220; img_link_target=&#8220;_blank&#8220; link=&#8220;https:\/\/www.sexyartfilm.com\/&#8220;][\/vc_column][vc_column width=&#8220;1\/2&#8243;][vc_single_image image=&#8220;2021&#8243; alignment=&#8220;center&#8220; onclick=&#8220;custom_link&#8220; img_link_target=&#8220;_blank&#8220; link=&#8220;https:\/\/www.nudeartfilm.com\/&#8220;][\/vc_column][\/vc_row][vc_row][vc_column width=&#8220;1\/2&#8243;][vc_single_image image=&#8220;2031&#8243; alignment=&#8220;center&#8220; onclick=&#8220;custom_link&#8220; img_link_target=&#8220;_blank&#8220; link=&#8220;http:\/\/lenshead.com\/&#8220;][\/vc_column][vc_column width=&#8220;1\/2&#8243;][vc_column_text]\n<p style=\"text-align: center;\"><a href=\"http:\/\/www.lexoweb.com\" target=\"_blank\" rel=\"noopener noreferrer\"><img wpfc-lazyload-disable=\"true\" loading=\"lazy\" decoding=\"async\" class=\"aligncenter wp-image-11147 size-full\" src=\"https:\/\/nip-activity.com\/wp-content\/uploads\/2015\/04\/Lexo_BannerFt.jpg\" alt=\"Lexo, the girl you want to see up your street!\" width=\"468\" height=\"60\" srcset=\"https:\/\/nip-activity.com\/wp-content\/uploads\/2015\/04\/Lexo_BannerFt.jpg 468w, https:\/\/nip-activity.com\/wp-content\/uploads\/2015\/04\/Lexo_BannerFt-300x38.jpg 300w, https:\/\/nip-activity.com\/wp-content\/uploads\/2015\/04\/Lexo_BannerFt-400x51.jpg 400w\" sizes=\"auto, (max-width: 468px) 100vw, 468px\" \/><\/a><\/p>\n[\/vc_column_text][\/vc_column][\/vc_row][vc_row][vc_column]<div class=\"vcex-module vcex-divider vcex-divider-solid vcex-divider-center wpex-mx-auto wpex-max-w-100 wpex-block wpex-h-0 wpex-border-b wpex-border-solid wpex-border-main\" style=\"width:100%;border-bottom-width:1px;\"><\/div>[\/vc_column][\/vc_row][vc_row][vc_column][vc_single_image image=&#8220;3399&#8243; css_animation=&#8220;appear&#8220; alignment=&#8220;center&#8220; css=&#8220;&#8220; img_hover=&#8220;grow&#8220;][\/vc_column][\/vc_row][vc_row][vc_column]<div class=\"vcex-module vcex-divider vcex-divider-solid vcex-divider-center wpex-mx-auto wpex-max-w-100 wpex-block wpex-h-0 wpex-border-b wpex-border-solid wpex-border-main\" style=\"width:100%;border-bottom-width:1px;\"><\/div>[\/vc_column][\/vc_row][vc_row][vc_column][vc_column_text]\n<div class=\"centered\"><a class=\"btn-green-big-de\" title=\"erhalte hier zugang zu nip-activity\" href=\"https:\/\/member.nip-activity.com\/account\/signup\">ERHALTE HIER ZUGANG ZU NIP-ACTIVITY<\/a><\/div>\n[\/vc_column_text][\/vc_column][\/vc_row][vc_row][vc_column]<div class=\"vcex-module vcex-divider vcex-divider-solid vcex-divider-center wpex-mx-auto wpex-max-w-100 wpex-block wpex-h-0 wpex-border-b wpex-border-solid wpex-border-main\" style=\"width:100%;border-bottom-width:1px;\"><\/div>[\/vc_column][\/vc_row]\n<\/div>","protected":false},"excerpt":{"rendered":"<p>[vc_row][vc_column][\/vc_column][\/vc_row][vc_row][vc_column width=&#8220;1\/2&#8243;][vc_column_text] [\/vc_column_text][\/vc_column][vc_column width=&#8220;1\/2&#8243;][vc_column_text] [\/vc_column_text][\/vc_column][\/vc_row][vc_row][vc_column][\/vc_column][\/vc_row][vc_row][vc_column][vc_column_text] Reviews of NIP-Activity.com For external links to external content we can, despite careful content control no liability. [\/vc_column_text][\/vc_column][\/vc_row][vc_row][vc_column width=&#8220;1\/4&#8243;][vc_single_image image=&#8220;50337&#8243; alignment=&#8220;center&#8220; onclick=&#8220;custom_link&#8220; img_link_target=&#8220;_blank&#8220; link=&#8220;https:\/\/thebestfetishsites.com\/best-public-porn-sites\/nip-activity\/&#8220;][\/vc_column][vc_column width=&#8220;1\/4&#8243;][vc_column_text][\/vc_column_text][\/vc_column][vc_column width=&#8220;1\/4&#8243;][vc_single_image image=&#8220;1881&#8243; alignment=&#8220;center&#8220; onclick=&#8220;custom_link&#8220; img_link_target=&#8220;_blank&#8220; link=&#8220;http:\/\/www.porninspector.com\/reviews\/review\/nip-activity\/&#8220;][\/vc_column][vc_column width=&#8220;1\/4&#8243;][vc_single_image image=&#8220;2012&#8243; alignment=&#8220;center&#8220; onclick=&#8220;custom_link&#8220; img_link_target=&#8220;_blank&#8220; link=&#8220;http:\/\/www.adultreviews.com\/review\/amateur\/nip-activity.html&#8220;][\/vc_column][\/vc_row][vc_row][vc_column width=&#8220;1\/4&#8243;][vc_single_image image=&#8220;1888&#8243; alignment=&#8220;center&#8220; onclick=&#8220;custom_link&#8220; img_link_target=&#8220;_blank&#8220; link=&#8220;http:\/\/adultsiteranking.com\/siteInfo.asp?s_idx=718&#8243;][\/vc_column][vc_column width=&#8220;1\/4&#8243;][vc_single_image image=&#8220;1887&#8243; alignment=&#8220;center&#8220; onclick=&#8220;custom_link&#8220; img_link_target=&#8220;_blank&#8220; link=&#8220;http:\/\/www.honestpornreviews.com\/nipactivity\/Review.cfm&#8220;][\/vc_column][vc_column width=&#8220;1\/4&#8243;][vc_single_image&hellip;<\/p>\n","protected":false},"author":4,"featured_media":0,"parent":0,"menu_order":0,"comment_status":"closed","ping_status":"closed","template":"","meta":{"footnotes":""},"class_list":["post-2036","page","type-page","status-publish","hentry","entry","no-media"],"yoast_head":"<!-- This site is optimized with the Yoast SEO plugin v27.5 - https:\/\/yoast.com\/product\/yoast-seo-wordpress\/ -->\n<title>Kritiken \u00fcber NIP-Activity.com und gute Public Nudity Links<\/title>\n<meta name=\"description\" content=\"Lies Kritiken \u00fcber unsere spectakul\u00e4ren public nudity videos und bilder.\" \/>\n<meta name=\"robots\" content=\"noindex, follow\" \/>\n<meta property=\"og:locale\" content=\"de_DE\" \/>\n<meta property=\"og:type\" content=\"article\" \/>\n<meta property=\"og:title\" content=\"Kritiken \u00fcber NIP-Activity.com und gute Public Nudity Links\" \/>\n<meta property=\"og:description\" content=\"Lies Kritiken \u00fcber unsere spectakul\u00e4ren public nudity videos und bilder.\" \/>\n<meta property=\"og:url\" content=\"https:\/\/nip-activity.com\/de\/kritiken-und-links\/\" \/>\n<meta property=\"og:site_name\" content=\"NIP-Activity.com\" \/>\n<meta property=\"article:modified_time\" content=\"2025-04-07T15:49:18+00:00\" \/>\n<meta property=\"og:image\" content=\"https:\/\/selfloversworld.com\/buttons\/4.2.gif\" \/>\n<meta name=\"twitter:label1\" content=\"Gesch\u00e4tzte Lesezeit\" \/>\n\t<meta name=\"twitter:data1\" content=\"2\u00a0Minuten\" \/>\n<script type=\"application\/ld+json\" class=\"yoast-schema-graph\">{\"@context\":\"https:\\\/\\\/schema.org\",\"@graph\":[{\"@type\":\"WebPage\",\"@id\":\"https:\\\/\\\/nip-activity.com\\\/de\\\/kritiken-und-links\\\/\",\"url\":\"https:\\\/\\\/nip-activity.com\\\/de\\\/kritiken-und-links\\\/\",\"name\":\"Kritiken \u00fcber NIP-Activity.com und gute Public Nudity Links\",\"isPartOf\":{\"@id\":\"https:\\\/\\\/nip-activity.com\\\/de\\\/#website\"},\"primaryImageOfPage\":{\"@id\":\"https:\\\/\\\/nip-activity.com\\\/de\\\/kritiken-und-links\\\/#primaryimage\"},\"image\":{\"@id\":\"https:\\\/\\\/nip-activity.com\\\/de\\\/kritiken-und-links\\\/#primaryimage\"},\"thumbnailUrl\":\"https:\\\/\\\/selfloversworld.com\\\/buttons\\\/4.2.gif\",\"datePublished\":\"2015-04-22T19:48:22+00:00\",\"dateModified\":\"2025-04-07T15:49:18+00:00\",\"description\":\"Lies Kritiken \u00fcber unsere spectakul\u00e4ren public nudity videos und bilder.\",\"breadcrumb\":{\"@id\":\"https:\\\/\\\/nip-activity.com\\\/de\\\/kritiken-und-links\\\/#breadcrumb\"},\"inLanguage\":\"de\",\"potentialAction\":[{\"@type\":\"ReadAction\",\"target\":[\"https:\\\/\\\/nip-activity.com\\\/de\\\/kritiken-und-links\\\/\"]}]},{\"@type\":\"ImageObject\",\"inLanguage\":\"de\",\"@id\":\"https:\\\/\\\/nip-activity.com\\\/de\\\/kritiken-und-links\\\/#primaryimage\",\"url\":\"https:\\\/\\\/selfloversworld.com\\\/buttons\\\/4.2.gif\",\"contentUrl\":\"https:\\\/\\\/selfloversworld.com\\\/buttons\\\/4.2.gif\"},{\"@type\":\"BreadcrumbList\",\"@id\":\"https:\\\/\\\/nip-activity.com\\\/de\\\/kritiken-und-links\\\/#breadcrumb\",\"itemListElement\":[{\"@type\":\"ListItem\",\"position\":1,\"name\":\"Home\",\"item\":\"https:\\\/\\\/nip-activity.com\\\/de\\\/\"},{\"@type\":\"ListItem\",\"position\":2,\"name\":\"Kritiken und Links\"}]},{\"@type\":\"WebSite\",\"@id\":\"https:\\\/\\\/nip-activity.com\\\/de\\\/#website\",\"url\":\"https:\\\/\\\/nip-activity.com\\\/de\\\/\",\"name\":\"NIP-Activity.com\",\"description\":\"Nude in Public\",\"publisher\":{\"@id\":\"https:\\\/\\\/nip-activity.com\\\/de\\\/#organization\"},\"potentialAction\":[{\"@type\":\"SearchAction\",\"target\":{\"@type\":\"EntryPoint\",\"urlTemplate\":\"https:\\\/\\\/nip-activity.com\\\/de\\\/?s={search_term_string}\"},\"query-input\":{\"@type\":\"PropertyValueSpecification\",\"valueRequired\":true,\"valueName\":\"search_term_string\"}}],\"inLanguage\":\"de\"},{\"@type\":\"Organization\",\"@id\":\"https:\\\/\\\/nip-activity.com\\\/de\\\/#organization\",\"name\":\"NIP-Activity.com\",\"url\":\"https:\\\/\\\/nip-activity.com\\\/de\\\/\",\"logo\":{\"@type\":\"ImageObject\",\"inLanguage\":\"de\",\"@id\":\"https:\\\/\\\/nip-activity.com\\\/de\\\/#\\\/schema\\\/logo\\\/image\\\/\",\"url\":\"https:\\\/\\\/nip-activity.com\\\/wp-content\\\/uploads\\\/2021\\\/06\\\/logo3-nude-in-public.png\",\"contentUrl\":\"https:\\\/\\\/nip-activity.com\\\/wp-content\\\/uploads\\\/2021\\\/06\\\/logo3-nude-in-public.png\",\"width\":265,\"height\":40,\"caption\":\"NIP-Activity.com\"},\"image\":{\"@id\":\"https:\\\/\\\/nip-activity.com\\\/de\\\/#\\\/schema\\\/logo\\\/image\\\/\"}}]}<\/script>\n<!-- \/ Yoast SEO plugin. -->","yoast_head_json":{"title":"Kritiken \u00fcber NIP-Activity.com und gute Public Nudity Links","description":"Lies Kritiken \u00fcber unsere spectakul\u00e4ren public nudity videos und bilder.","robots":{"index":"noindex","follow":"follow"},"og_locale":"de_DE","og_type":"article","og_title":"Kritiken \u00fcber NIP-Activity.com und gute Public Nudity Links","og_description":"Lies Kritiken \u00fcber unsere spectakul\u00e4ren public nudity videos und bilder.","og_url":"https:\/\/nip-activity.com\/de\/kritiken-und-links\/","og_site_name":"NIP-Activity.com","article_modified_time":"2025-04-07T15:49:18+00:00","og_image":[{"url":"https:\/\/selfloversworld.com\/buttons\/4.2.gif","type":"","width":"","height":""}],"twitter_misc":{"Gesch\u00e4tzte Lesezeit":"2\u00a0Minuten"},"schema":{"@context":"https:\/\/schema.org","@graph":[{"@type":"WebPage","@id":"https:\/\/nip-activity.com\/de\/kritiken-und-links\/","url":"https:\/\/nip-activity.com\/de\/kritiken-und-links\/","name":"Kritiken \u00fcber NIP-Activity.com und gute Public Nudity Links","isPartOf":{"@id":"https:\/\/nip-activity.com\/de\/#website"},"primaryImageOfPage":{"@id":"https:\/\/nip-activity.com\/de\/kritiken-und-links\/#primaryimage"},"image":{"@id":"https:\/\/nip-activity.com\/de\/kritiken-und-links\/#primaryimage"},"thumbnailUrl":"https:\/\/selfloversworld.com\/buttons\/4.2.gif","datePublished":"2015-04-22T19:48:22+00:00","dateModified":"2025-04-07T15:49:18+00:00","description":"Lies Kritiken \u00fcber unsere spectakul\u00e4ren public nudity videos und bilder.","breadcrumb":{"@id":"https:\/\/nip-activity.com\/de\/kritiken-und-links\/#breadcrumb"},"inLanguage":"de","potentialAction":[{"@type":"ReadAction","target":["https:\/\/nip-activity.com\/de\/kritiken-und-links\/"]}]},{"@type":"ImageObject","inLanguage":"de","@id":"https:\/\/nip-activity.com\/de\/kritiken-und-links\/#primaryimage","url":"https:\/\/selfloversworld.com\/buttons\/4.2.gif","contentUrl":"https:\/\/selfloversworld.com\/buttons\/4.2.gif"},{"@type":"BreadcrumbList","@id":"https:\/\/nip-activity.com\/de\/kritiken-und-links\/#breadcrumb","itemListElement":[{"@type":"ListItem","position":1,"name":"Home","item":"https:\/\/nip-activity.com\/de\/"},{"@type":"ListItem","position":2,"name":"Kritiken und Links"}]},{"@type":"WebSite","@id":"https:\/\/nip-activity.com\/de\/#website","url":"https:\/\/nip-activity.com\/de\/","name":"NIP-Activity.com","description":"Nude in Public","publisher":{"@id":"https:\/\/nip-activity.com\/de\/#organization"},"potentialAction":[{"@type":"SearchAction","target":{"@type":"EntryPoint","urlTemplate":"https:\/\/nip-activity.com\/de\/?s={search_term_string}"},"query-input":{"@type":"PropertyValueSpecification","valueRequired":true,"valueName":"search_term_string"}}],"inLanguage":"de"},{"@type":"Organization","@id":"https:\/\/nip-activity.com\/de\/#organization","name":"NIP-Activity.com","url":"https:\/\/nip-activity.com\/de\/","logo":{"@type":"ImageObject","inLanguage":"de","@id":"https:\/\/nip-activity.com\/de\/#\/schema\/logo\/image\/","url":"https:\/\/nip-activity.com\/wp-content\/uploads\/2021\/06\/logo3-nude-in-public.png","contentUrl":"https:\/\/nip-activity.com\/wp-content\/uploads\/2021\/06\/logo3-nude-in-public.png","width":265,"height":40,"caption":"NIP-Activity.com"},"image":{"@id":"https:\/\/nip-activity.com\/de\/#\/schema\/logo\/image\/"}}]}},"_links":{"self":[{"href":"https:\/\/nip-activity.com\/de\/wp-json\/wp\/v2\/pages\/2036","targetHints":{"allow":["GET"]}}],"collection":[{"href":"https:\/\/nip-activity.com\/de\/wp-json\/wp\/v2\/pages"}],"about":[{"href":"https:\/\/nip-activity.com\/de\/wp-json\/wp\/v2\/types\/page"}],"author":[{"embeddable":true,"href":"https:\/\/nip-activity.com\/de\/wp-json\/wp\/v2\/users\/4"}],"replies":[{"embeddable":true,"href":"https:\/\/nip-activity.com\/de\/wp-json\/wp\/v2\/comments?post=2036"}],"version-history":[{"count":0,"href":"https:\/\/nip-activity.com\/de\/wp-json\/wp\/v2\/pages\/2036\/revisions"}],"wp:attachment":[{"href":"https:\/\/nip-activity.com\/de\/wp-json\/wp\/v2\/media?parent=2036"}],"curies":[{"name":"wp","href":"https:\/\/api.w.org\/{rel}","templated":true}]}}