{"id":2000,"date":"2015-04-22T18:43:35","date_gmt":"2015-04-22T18:43:35","guid":{"rendered":"http:\/\/nip-activity.com\/neueseite\/?page_id=2000"},"modified":"2025-04-07T11:40:34","modified_gmt":"2025-04-07T15:40:34","slug":"datenschutz","status":"publish","type":"page","link":"https:\/\/nip-activity.com\/de\/datenschutz\/","title":{"rendered":"Datenschutz"},"content":{"rendered":"<div class=\"wpb-content-wrapper\">[vc_row][vc_column]<div class=\"vcex-module vcex-divider vcex-divider-solid vcex-divider-center wpex-mx-auto wpex-max-w-100 wpex-block wpex-h-0 wpex-border-b wpex-border-solid wpex-border-main\" style=\"width:100%;border-bottom-width:1px;border-color:#ffffff;\"><\/div>[\/vc_column][\/vc_row][vc_row][vc_column width=&#8220;1\/2&#8243;][vc_column_text]\n<nav class=\"vcex-breadcrumbs vcex-breadcrumbs--links-inherit-color\"><span><span><a href=\"https:\/\/nip-activity.com\/de\/\">Home<\/a><\/span><\/span><\/nav>\n[\/vc_column_text][\/vc_column][vc_column width=&#8220;1\/2&#8243;][vc_column_text]\n[\/vc_column_text][\/vc_column][\/vc_row][vc_row][vc_column]<div class=\"vcex-module vcex-divider vcex-divider-solid vcex-divider-center wpex-mx-auto wpex-max-w-100 wpex-block wpex-h-0 wpex-border-b wpex-border-solid wpex-border-main\" style=\"width:100%;border-bottom-width:1px;border-color:#ffffff;\"><\/div>[\/vc_column][\/vc_row][vc_row][vc_column][vc_column_text]\n<h3 class=\"privheadline\">Alters und -Zugriffsverifizierung<\/h3>\n<div class=\"priv-txt1\">Mit der Anmeldung bei &#8222;NIP-Activity.com&#8220; best\u00e4tigen Sie, dass Sie 18 Jahre alt oder \u00e4lter sind. Sie haben das Recht auf Erwachsenen-orientierten Materialien zuzugreifen, und &#8222;NIP-Activity.com&#8220; hat das Recht, sie Ihnen zu \u00fcbermitteln. Au\u00dferdem best\u00e4tigen Sie, dass Sie mit allen \u00f6rtlichen Gesetzen vertraut sind die sich auf Erotik-oder Erwachseneninhalte beziehen. Sie best\u00e4tigen das Sie die Inhalte nur zu Privatzwecken verwenden und keinen Minderj\u00e4hrigen Personen zur Verf\u00fcgung stellen.<\/div>\n<h3 class=\"privheadline\">Erhebung und Verarbeitung von Daten<\/h3>\n<div class=\"priv-txt2\">\n<p>Jeder Zugriff auf unsere Internetpr\u00e4senz und jeder Abruf einer auf unserer Internetpr\u00e4senz hinterlegten Datei wird protokolliert. Die Speicherung dient internen systembezogenen und statistischen Zwecken. Protokolliert werden: Name der abgerufenen Datei, Datum und Uhrzeit des Abrufs, \u00fcbertragene Datenmenge, Meldung \u00fcber erfolgreichen Abruf, Webbrowser, Betriebssystem und anfragende Domain. Zus\u00e4tzlich werden die IP Adressen der anfragenden Rechner protokolliert. Weitergehende personenbezogene Daten werden nur erfasst, wenn Sie diese Angaben freiwillig, etwa im Rahmen einer Anfrage, Registrierung oder Bestellung, machen.<\/p>\n<\/div>\n<h3 class=\"privheadline\">Cookies<\/h3>\n<p>Cookies sind kleine Dateien, die es erm\u00f6glichen, auf dem Zugriffsger\u00e4t der Nutzer (PC, Smartphone o.\u00e4.) spezifische, auf das Ger\u00e4t bezogene Informationen zu speichern. Sie dienen zum einem der Benutzerfreundlichkeit von Webseiten und damit den Nutzern (z.B. Speicherung von Logindaten). Zum anderen dienen sie, um die statistische Daten der Webseitennutzung zu erfassen und sie zwecks Verbesserung des Angebotes analysieren zu k\u00f6nnen. Die Nutzer k\u00f6nnen auf den Einsatz der Cookies Einfluss nehmen. Die meisten Browser verf\u00fcgen eine Option mit der das Speichern von Cookies eingeschr\u00e4nkt oder komplett verhindert wird. Allerdings wird darauf hingewiesen, dass die Nutzung und insbesondere der Nutzungskomfort ohne Cookies eingeschr\u00e4nkt werden.<\/p>\n<h3 class=\"privheadline\">Tracking<\/h3>\n<p><b>Datenspeicherung durch das Webanalyse-Werkzeug Piwik<\/b><\/p>\n<p class=\"align-justify\">Unsere Website benutzt Matomo (<a href=\"https:\/\/matomo.org\" target=\"_blank\" rel=\"noopener noreferrer\">https:\/\/matomo.org<\/a>), eine Open-Source-Software zur statistischen Auswertung der Besucherzugriffe. Matomo verwendet sog. \u201cCookies\u201d, kleine Textdateien, die auf Ihrem Computer gespeichert werden und die eine Analyse der Benutzung der Website durch Sie erm\u00f6glichen. Die IP-Adresse wird vor deren Speicherung anonymisiert. Sie k\u00f6nnen die Installation der Cookies durch eine entsprechende Einstellung Ihrer Browser-Software verhindern. Achtung: Wenn Sie Ihre Cookies l\u00f6schen, so hat dies zur Folge, dass auch das Deaktivierungs-Cookie gel\u00f6scht wird und ggf. von Ihnen erneut aktiviert werden muss. Durch die Nutzung dieser Website erkl\u00e4ren Sie sich mit der Bearbeitung der \u00fcber Sie erhobenen Daten durch Matomo in der zuvor beschriebenen Art und Weise und zu dem zuvor benannten Zweck einverstanden. Sie k\u00f6nnen jederzeit der Webanalyse widersprechen:<\/p>\n<p class=\"align-justify\"><iframe loading=\"lazy\" style=\"border: 0; height: 200px; width: 600px;\" src=\"https:\/\/statistic.nip-activity-cash.com\/piwik\/index.php?module=CoreAdminHome&amp;action=optOut&amp;language=en&amp;backgroundColor=706d6d&amp;fontColor=&amp;fontSize=&amp;fontFamily=\" width=\"300\" height=\"150\"><span data-mce-type=\"bookmark\" style=\"display: inline-block; width: 0px; overflow: hidden; line-height: 0;\" class=\"mce_SELRES_start\">\ufeff<\/span><\/iframe><\/p>\n<p>&nbsp;<\/p>\n<p><b>Browser-Add-on zur Deaktivierung von Google Analytics<\/b><\/p>\n<div class=\"priv-txt2\">\n<p>Diese Website benutzt Google Analytics, einen Webanalysedienst der Google Inc. (\u201eGoogle\u201c). Google Analytics verwendet sog. \u201eCookies\u201c, Textdateien, die auf Ihrem Computer gespeichert werden und die eine Analyse der Benutzung der Website durch Sie erm\u00f6glicht. Die durch den Cookie erzeugten Informationen \u00fcber Ihre Benutzung dieser Website (einschlie\u00dflich Ihrer IP-Adresse) wird an einen Server von Google in den USA \u00fcbertragen und dort gespeichert. Google wird diese Informationen benutzen, um Ihre Nutzung der Website auszuwerten, um Reports \u00fcber die Websiteaktivit\u00e4ten f\u00fcr die Websitebetreiber zusammenzustellen und um weitere mit der Websitenutzung und der Internetnutzung verbundene Dienstleistungen zu erbringen. Auch wird Google diese Informationen gegebenenfalls an Dritte \u00fcbertragen, sofern dies gesetzlich vorgeschrieben oder soweit Dritte diese Daten im Auftrag von Google verarbeiten. Google wird in keinem Fall Ihre IP-Adresse mit anderen Daten, die von Google gespeichert werden, in Verbindung bringen. Sie k\u00f6nnen die Installation der Cookies durch eine entsprechende Einstellung Ihrer Browser Software verhindern; wir weisen Sie jedoch darauf hin, dass Sie in diesem Fall gegebenenfalls nicht s\u00e4mtliche Funktionen dieser Website voll umf\u00e4nglich nutzen k\u00f6nnen. Durch die Nutzung dieser Website erkl\u00e4ren Sie sich mit der Bearbeitung der \u00fcber Sie erhobenen Daten durch Google in der zuvor beschriebenen Art und Weise und zu dem zuvor benannten Zweck einverstanden. Der Datenerhebung und -speicherung kann jederzeit mit Wirkung f\u00fcr die Zukunft <a href=\"http:\/\/tools.google.com\/dlpage\/gaoptout?hl=de\" target=\"_blank\" rel=\"noopener noreferrer\">widersprochen<\/a> werden.<\/p>\n<\/div>\n<h3 class=\"privheadline\">Nutzung und Weitergabe personenbezogener Daten<\/h3>\n<div class=\"priv-txt4\">Soweit Sie uns personenbezogene Daten zur Verf\u00fcgung gestellt haben, verwenden wir diese nur zur Beantwortung Ihrer Anfragen, zur Abwicklung mit Ihnen geschlossener Vertr\u00e4ge und f\u00fcr die technische Administration. Ihre personenbezogenen Daten werden an Dritte nur weitergegeben oder sonst \u00fcbermittelt, wenn dies zum Zwecke der Vertragsabwicklung\u00a0 insbesondere Weitergabe von Bestelldaten an Lieferanten erforderlich ist, dies zu Abrechnungszwecken erforderlich ist oder Sie zuvor eingewilligt haben. Sie haben das Recht, eine erteilte Einwilligung mit Wirkung f\u00fcr die Zukunft jederzeit zu widerrufen. Die L\u00f6schung der gespeicherten personenbezogenen Daten erfolgt, wenn Sie Ihre Einwilligung zur Speicherung widerrufen, wenn ihre Kenntnis zur Erf\u00fcllung des mit der Speicherung verfolgten Zwecks nicht mehr erforderlich ist oder wenn Ihre Speicherung aus sonstigen gesetzlichen Gr\u00fcnden unzul\u00e4ssig ist.<\/div>\n<h3 class=\"privheadline\">COPYRIGHTS<\/h3>\n<div class=\"priv-txt3\">Au\u00dfer f\u00fcr \u00f6ffentliche Domain-Informationen, sind alle Materialien zum Thema &#8222;NIP-Activity.com&#8220; durch Vertragsbestimmungen und weltweite Urhebergesetze gesch\u00fctzt. Alle auf &#8222;NIP-Activity.com&#8220; enthaltenen Materialien d\u00fcrfen nicht vervielf\u00e4ltigt, kopiert, bearbeitet, ver\u00f6ffentlicht, \u00fcbermittelt oder in irgendeiner Weise hochgeladen werden, ohne die ausdr\u00fcckliche schriftliche Genehmigung von &#8222;NIP-Activity.com&#8220;.<\/div>\n<h3 class=\"privheadline\">LINKS zu anderen Seiten<\/h3>\n<div class=\"priv-txt5\">Diese Website enth\u00e4lt Links zu Websites von Dritten. Diese verlinkten Seiten stehen nicht unter der Kontrolle von &#8222;NIP-Activity.com&#8220; und &#8222;NIP-Activity.com&#8220; ist nicht f\u00fcr die Inhalte der verlinkten Seiten verantwortlich. &#8222;NIP-Activity.com&#8220; bietet diese Links nur als weiterf\u00fchrende Informationen, und die Aufnahme eines Links bedeutet nicht die Billigung der verlinkten Seiten implizit &#8222;NIP-Activity.com&#8220;.<\/div>\n<h3>Wahl \/ Abwahl<\/h3>\n<div>Von Zeit zu Zeit senden wir unseren Nutzern E-Mails oder andere Hinweise zu neuen Diensten, Werbeaktionen oder anderen Informationen, die von allgemeinem Interesse sein k\u00f6nnten. Nutzer, die keine Informationen mehr von uns erhalten m\u00f6chten, k\u00f6nnen diese Mitteilungen ablehnen, indem sie uns kontaktieren.<\/div>\n<div><\/div>\n<div>\n<h3>Hinweis f\u00fcr europ\u00e4ische Benutzer<\/h3>\n<p>Wenn Sie sich in der Europ\u00e4ischen Union befinden, sollten Sie sich dar\u00fcber im Klaren sein, dass Ihre personenbezogenen Daten in die Vereinigten Staaten von Amerika \u00fcbertragen werden, deren Gesetze von der Europ\u00e4ischen Union als unzureichender Datenschutz erachtet werden. Wenn Sie in einem Land au\u00dferhalb der Vereinigten Staaten von Amerika ans\u00e4ssig sind und freiwillig personenbezogene Daten an uns \u00fcbermitteln, stimmen Sie damit der allgemeinen Verwendung solcher Informationen zu, die in dieser Datenschutzerkl\u00e4rung enthalten sind, sowie deren Weitergabe an und \/ oder Speicherung dieser Informationen in den Vereinigten Staaten von Amerika.<\/p>\n<\/div>\n<h3 class=\"privheadline\">Rechtliches<\/h3>\n<div class=\"priv-txt6\">Alle Models waren zum Zeitpunkt der Erstellung der Aufnahmen 18 Jahre alt oder \u00e4lter. Die von \u00a7 2257, Title 18 des United States Code in Bezug auf visuelle Darstellungen von tats\u00e4chlichen sexuellen Handlungen erforderlichen Unterlagen k\u00f6nnen unter folgender Adresse eingesehen werden: NIP Productions Inc. 108 West 13th Street, Wilmington, DE 19801, USA E-mail: support@nip-activity.com<\/div>\n[\/vc_column_text][\/vc_column][\/vc_row][vc_row][vc_column]<div class=\"vcex-module vcex-divider vcex-divider-solid vcex-divider-center wpex-mx-auto wpex-max-w-100 wpex-block wpex-h-0 wpex-border-b wpex-border-solid wpex-border-main\" style=\"width:100%;border-bottom-width:1px;\"><\/div>[\/vc_column][\/vc_row][vc_row][vc_column][vc_single_image image=&#8220;3399&#8243; css_animation=&#8220;appear&#8220; alignment=&#8220;center&#8220; css=&#8220;&#8220; img_hover=&#8220;grow&#8220;][\/vc_column][\/vc_row][vc_row][vc_column]<div class=\"vcex-module vcex-divider vcex-divider-solid vcex-divider-center wpex-mx-auto wpex-max-w-100 wpex-block wpex-h-0 wpex-border-b wpex-border-solid wpex-border-main\" style=\"width:100%;border-bottom-width:1px;\"><\/div>[\/vc_column][\/vc_row][vc_row][vc_column][vc_column_text]\n<div class=\"centered\"><a class=\"btn-green-big-de\" title=\"erhalte hier zugang zu nip-activity\" href=\"https:\/\/member.nip-activity.com\/account\/signup\">ERHALTE HIER ZUGANG ZU NIP-ACTIVITY<\/a><\/div>\n[\/vc_column_text][\/vc_column][\/vc_row][vc_row][vc_column]<div class=\"vcex-module vcex-divider vcex-divider-solid vcex-divider-center wpex-mx-auto wpex-max-w-100 wpex-block wpex-h-0 wpex-border-b wpex-border-solid wpex-border-main\" style=\"width:100%;border-bottom-width:1px;\"><\/div>[\/vc_column][\/vc_row]\n<\/div>","protected":false},"excerpt":{"rendered":"<p>[vc_row][vc_column][\/vc_column][\/vc_row][vc_row][vc_column width=&#8220;1\/2&#8243;][vc_column_text] [\/vc_column_text][\/vc_column][vc_column width=&#8220;1\/2&#8243;][vc_column_text] [\/vc_column_text][\/vc_column][\/vc_row][vc_row][vc_column][\/vc_column][\/vc_row][vc_row][vc_column][vc_column_text] Alters und -Zugriffsverifizierung Mit der Anmeldung bei &#8222;NIP-Activity.com&#8220; best\u00e4tigen Sie, dass Sie 18 Jahre alt oder \u00e4lter sind. Sie haben das Recht auf Erwachsenen-orientierten Materialien zuzugreifen, und &#8222;NIP-Activity.com&#8220; hat das Recht, sie Ihnen zu \u00fcbermitteln. Au\u00dferdem best\u00e4tigen Sie, dass Sie mit allen \u00f6rtlichen Gesetzen vertraut sind die sich auf Erotik-oder&hellip;<\/p>\n","protected":false},"author":4,"featured_media":0,"parent":0,"menu_order":0,"comment_status":"closed","ping_status":"closed","template":"","meta":{"footnotes":""},"class_list":["post-2000","page","type-page","status-publish","hentry","entry","no-media"],"yoast_head":"<!-- This site is optimized with the Yoast SEO plugin v27.5 - https:\/\/yoast.com\/product\/yoast-seo-wordpress\/ -->\n<title>NIP-Activity.com - Wir sch\u00fctzen Deine Privatsph\u00e4re<\/title>\n<meta name=\"description\" content=\"Du kannst uns vertrauen. Wir respektieren Deine Privatsph\u00e4re. Genie\u00dfe unsere public nudity Filme und Bilder.\" \/>\n<meta name=\"robots\" content=\"noindex, follow\" \/>\n<meta property=\"og:locale\" content=\"de_DE\" \/>\n<meta property=\"og:type\" content=\"article\" \/>\n<meta property=\"og:title\" content=\"NIP-Activity.com - Wir sch\u00fctzen Deine Privatsph\u00e4re\" \/>\n<meta property=\"og:description\" content=\"Du kannst uns vertrauen. Wir respektieren Deine Privatsph\u00e4re. Genie\u00dfe unsere public nudity Filme und Bilder.\" \/>\n<meta property=\"og:url\" content=\"https:\/\/nip-activity.com\/de\/datenschutz\/\" \/>\n<meta property=\"og:site_name\" content=\"NIP-Activity.com\" \/>\n<meta property=\"article:modified_time\" content=\"2025-04-07T15:40:34+00:00\" \/>\n<meta name=\"twitter:label1\" content=\"Gesch\u00e4tzte Lesezeit\" \/>\n\t<meta name=\"twitter:data1\" content=\"5\u00a0Minuten\" \/>\n<script type=\"application\/ld+json\" class=\"yoast-schema-graph\">{\"@context\":\"https:\\\/\\\/schema.org\",\"@graph\":[{\"@type\":\"WebPage\",\"@id\":\"https:\\\/\\\/nip-activity.com\\\/de\\\/datenschutz\\\/\",\"url\":\"https:\\\/\\\/nip-activity.com\\\/de\\\/datenschutz\\\/\",\"name\":\"NIP-Activity.com - Wir sch\u00fctzen Deine Privatsph\u00e4re\",\"isPartOf\":{\"@id\":\"https:\\\/\\\/nip-activity.com\\\/de\\\/#website\"},\"datePublished\":\"2015-04-22T18:43:35+00:00\",\"dateModified\":\"2025-04-07T15:40:34+00:00\",\"description\":\"Du kannst uns vertrauen. Wir respektieren Deine Privatsph\u00e4re. Genie\u00dfe unsere public nudity Filme und Bilder.\",\"breadcrumb\":{\"@id\":\"https:\\\/\\\/nip-activity.com\\\/de\\\/datenschutz\\\/#breadcrumb\"},\"inLanguage\":\"de\",\"potentialAction\":[{\"@type\":\"ReadAction\",\"target\":[\"https:\\\/\\\/nip-activity.com\\\/de\\\/datenschutz\\\/\"]}]},{\"@type\":\"BreadcrumbList\",\"@id\":\"https:\\\/\\\/nip-activity.com\\\/de\\\/datenschutz\\\/#breadcrumb\",\"itemListElement\":[{\"@type\":\"ListItem\",\"position\":1,\"name\":\"Home\",\"item\":\"https:\\\/\\\/nip-activity.com\\\/de\\\/\"},{\"@type\":\"ListItem\",\"position\":2,\"name\":\"Datenschutz\"}]},{\"@type\":\"WebSite\",\"@id\":\"https:\\\/\\\/nip-activity.com\\\/de\\\/#website\",\"url\":\"https:\\\/\\\/nip-activity.com\\\/de\\\/\",\"name\":\"NIP-Activity.com\",\"description\":\"Nude in Public\",\"publisher\":{\"@id\":\"https:\\\/\\\/nip-activity.com\\\/de\\\/#organization\"},\"potentialAction\":[{\"@type\":\"SearchAction\",\"target\":{\"@type\":\"EntryPoint\",\"urlTemplate\":\"https:\\\/\\\/nip-activity.com\\\/de\\\/?s={search_term_string}\"},\"query-input\":{\"@type\":\"PropertyValueSpecification\",\"valueRequired\":true,\"valueName\":\"search_term_string\"}}],\"inLanguage\":\"de\"},{\"@type\":\"Organization\",\"@id\":\"https:\\\/\\\/nip-activity.com\\\/de\\\/#organization\",\"name\":\"NIP-Activity.com\",\"url\":\"https:\\\/\\\/nip-activity.com\\\/de\\\/\",\"logo\":{\"@type\":\"ImageObject\",\"inLanguage\":\"de\",\"@id\":\"https:\\\/\\\/nip-activity.com\\\/de\\\/#\\\/schema\\\/logo\\\/image\\\/\",\"url\":\"https:\\\/\\\/nip-activity.com\\\/wp-content\\\/uploads\\\/2021\\\/06\\\/logo3-nude-in-public.png\",\"contentUrl\":\"https:\\\/\\\/nip-activity.com\\\/wp-content\\\/uploads\\\/2021\\\/06\\\/logo3-nude-in-public.png\",\"width\":265,\"height\":40,\"caption\":\"NIP-Activity.com\"},\"image\":{\"@id\":\"https:\\\/\\\/nip-activity.com\\\/de\\\/#\\\/schema\\\/logo\\\/image\\\/\"}}]}<\/script>\n<!-- \/ Yoast SEO plugin. -->","yoast_head_json":{"title":"NIP-Activity.com - Wir sch\u00fctzen Deine Privatsph\u00e4re","description":"Du kannst uns vertrauen. Wir respektieren Deine Privatsph\u00e4re. Genie\u00dfe unsere public nudity Filme und Bilder.","robots":{"index":"noindex","follow":"follow"},"og_locale":"de_DE","og_type":"article","og_title":"NIP-Activity.com - Wir sch\u00fctzen Deine Privatsph\u00e4re","og_description":"Du kannst uns vertrauen. Wir respektieren Deine Privatsph\u00e4re. Genie\u00dfe unsere public nudity Filme und Bilder.","og_url":"https:\/\/nip-activity.com\/de\/datenschutz\/","og_site_name":"NIP-Activity.com","article_modified_time":"2025-04-07T15:40:34+00:00","twitter_misc":{"Gesch\u00e4tzte Lesezeit":"5\u00a0Minuten"},"schema":{"@context":"https:\/\/schema.org","@graph":[{"@type":"WebPage","@id":"https:\/\/nip-activity.com\/de\/datenschutz\/","url":"https:\/\/nip-activity.com\/de\/datenschutz\/","name":"NIP-Activity.com - Wir sch\u00fctzen Deine Privatsph\u00e4re","isPartOf":{"@id":"https:\/\/nip-activity.com\/de\/#website"},"datePublished":"2015-04-22T18:43:35+00:00","dateModified":"2025-04-07T15:40:34+00:00","description":"Du kannst uns vertrauen. Wir respektieren Deine Privatsph\u00e4re. Genie\u00dfe unsere public nudity Filme und Bilder.","breadcrumb":{"@id":"https:\/\/nip-activity.com\/de\/datenschutz\/#breadcrumb"},"inLanguage":"de","potentialAction":[{"@type":"ReadAction","target":["https:\/\/nip-activity.com\/de\/datenschutz\/"]}]},{"@type":"BreadcrumbList","@id":"https:\/\/nip-activity.com\/de\/datenschutz\/#breadcrumb","itemListElement":[{"@type":"ListItem","position":1,"name":"Home","item":"https:\/\/nip-activity.com\/de\/"},{"@type":"ListItem","position":2,"name":"Datenschutz"}]},{"@type":"WebSite","@id":"https:\/\/nip-activity.com\/de\/#website","url":"https:\/\/nip-activity.com\/de\/","name":"NIP-Activity.com","description":"Nude in Public","publisher":{"@id":"https:\/\/nip-activity.com\/de\/#organization"},"potentialAction":[{"@type":"SearchAction","target":{"@type":"EntryPoint","urlTemplate":"https:\/\/nip-activity.com\/de\/?s={search_term_string}"},"query-input":{"@type":"PropertyValueSpecification","valueRequired":true,"valueName":"search_term_string"}}],"inLanguage":"de"},{"@type":"Organization","@id":"https:\/\/nip-activity.com\/de\/#organization","name":"NIP-Activity.com","url":"https:\/\/nip-activity.com\/de\/","logo":{"@type":"ImageObject","inLanguage":"de","@id":"https:\/\/nip-activity.com\/de\/#\/schema\/logo\/image\/","url":"https:\/\/nip-activity.com\/wp-content\/uploads\/2021\/06\/logo3-nude-in-public.png","contentUrl":"https:\/\/nip-activity.com\/wp-content\/uploads\/2021\/06\/logo3-nude-in-public.png","width":265,"height":40,"caption":"NIP-Activity.com"},"image":{"@id":"https:\/\/nip-activity.com\/de\/#\/schema\/logo\/image\/"}}]}},"_links":{"self":[{"href":"https:\/\/nip-activity.com\/de\/wp-json\/wp\/v2\/pages\/2000","targetHints":{"allow":["GET"]}}],"collection":[{"href":"https:\/\/nip-activity.com\/de\/wp-json\/wp\/v2\/pages"}],"about":[{"href":"https:\/\/nip-activity.com\/de\/wp-json\/wp\/v2\/types\/page"}],"author":[{"embeddable":true,"href":"https:\/\/nip-activity.com\/de\/wp-json\/wp\/v2\/users\/4"}],"replies":[{"embeddable":true,"href":"https:\/\/nip-activity.com\/de\/wp-json\/wp\/v2\/comments?post=2000"}],"version-history":[{"count":0,"href":"https:\/\/nip-activity.com\/de\/wp-json\/wp\/v2\/pages\/2000\/revisions"}],"wp:attachment":[{"href":"https:\/\/nip-activity.com\/de\/wp-json\/wp\/v2\/media?parent=2000"}],"curies":[{"name":"wp","href":"https:\/\/api.w.org\/{rel}","templated":true}]}}