{"id":1993,"date":"2015-04-22T18:31:00","date_gmt":"2015-04-22T18:31:00","guid":{"rendered":"http:\/\/nip-activity.com\/neueseite\/?page_id=1993"},"modified":"2025-04-07T11:58:24","modified_gmt":"2025-04-07T15:58:24","slug":"unsere-anderen-seiten","status":"publish","type":"page","link":"https:\/\/nip-activity.com\/de\/unsere-anderen-seiten\/","title":{"rendered":"unsere anderen Seiten"},"content":{"rendered":"<div class=\"wpb-content-wrapper\">[vc_row margin_top=&#8220;15&#8243;][vc_column]<div class=\"vcex-module vcex-divider vcex-divider-solid vcex-divider-center wpex-mx-auto wpex-max-w-100 wpex-block wpex-h-0 wpex-border-b wpex-border-solid wpex-border-main\" style=\"width:100%;border-bottom-width:1px;\"><\/div>[\/vc_column][\/vc_row][vc_row][vc_column width=&#8220;1\/2&#8243;][vc_column_text]\n<nav class=\"vcex-breadcrumbs vcex-breadcrumbs--links-inherit-color\"><span><span><a href=\"https:\/\/nip-activity.com\/de\/\">Home<\/a><\/span><\/span><\/nav>\n[\/vc_column_text][\/vc_column][vc_column width=&#8220;1\/2&#8243;][vc_column_text]\n[\/vc_column_text][\/vc_column][\/vc_row][vc_row margin_top=&#8220;15&#8243;][vc_column]<div class=\"vcex-module vcex-divider vcex-divider-solid vcex-divider-center wpex-mx-auto wpex-max-w-100 wpex-block wpex-h-0 wpex-border-b wpex-border-solid wpex-border-main\" style=\"width:100%;border-bottom-width:1px;\"><\/div>[\/vc_column][\/vc_row][vc_row][vc_column width=&#8220;1\/2&#8243;][vc_single_image image=&#8220;23334&#8243; alignment=&#8220;center&#8220; onclick=&#8220;custom_link&#8220; img_link_target=&#8220;_blank&#8220; link=&#8220;https:\/\/www.nude-in-public.store\/de\/&#8220;][\/vc_column][vc_column width=&#8220;1\/2&#8243;][vc_column_text]<span class=\"text-highlight\">Nude-In-Public DVD Store<\/span><\/p>\n<p>Beschreibung:<br \/>\nDieser Shop bietet Ihnen alle Inhalte von NIP-Activity.com auf DVD.<br \/>\nAlle Sendungen werden in neutralen Versandtaschen verschickt.<\/p>\n<p>Merkmale:<br \/>\n&#8211; alle Filme von NIP-Activity.com<br \/>\n&#8211; &#8222;Custom Made&#8220; &#8211; w\u00e4hle Deine M\u00e4dels und wir brennen sie auf DVD<br \/>\n&#8211; Bilder DVD\u00b4s<br \/>\n&#8211; Spezielle Produkt Angebote<br \/>\n&#8211; 24\/7 Hilfe per e-mail<\/p>\n<p>Bezahlmethoden:<br \/>\nKreditkarte, Nachnahme, Vorkasse per \u00dcberweisung<br \/>\nNude-In-Public-DVD Store <a href=\"https:\/\/www.nude-in-public.store\/de\/\" target=\"_blank\" rel=\"noopener noreferrer\">(Hier geht es zur Seite)<\/a>[\/vc_column_text][\/vc_column][\/vc_row][vc_row][vc_column]<div class=\"vcex-module vcex-divider vcex-divider-solid vcex-divider-center wpex-mx-auto wpex-max-w-100 wpex-block wpex-h-0 wpex-border-b wpex-border-solid wpex-border-main\" style=\"width:100%;border-bottom-width:1px;\"><\/div>[\/vc_column][\/vc_row][vc_row][vc_column width=&#8220;1\/2&#8243;][vc_single_image image=&#8220;23341&#8243; alignment=&#8220;center&#8220; onclick=&#8220;custom_link&#8220; img_link_target=&#8220;_blank&#8220; link=&#8220;https:\/\/nude-in-public.net&#8220;][\/vc_column][vc_column width=&#8220;1\/2&#8243;][vc_column_text]<span class=\"text-highlight\">NIP-Activity.com VideoOnDemand Portal<\/span><\/p>\n<p>Beschreibung:<br \/>\nHier bekommen Sie alle Filme von NIP-Activity.com ohne eine Mitgliedschaft zu kaufen. Einfach Film ausw\u00e4hlen, bezahlen, runterladen und genie\u00dfen. Absolut einfach!<\/p>\n<p>Merkmale:<br \/>\n&#8211; 100% Exklusive &#8222;public nudity&#8220; Inhalte<br \/>\n&#8211; HD Filme in 1280&#215;720 ( MPEG4 )<br \/>\n&#8211; Filme sind auf allen aktuellen System abspielbar<br \/>\n&#8211; 24\/7 Hilfe per e-mail<br \/>\n&#8211; Kein DRM &#8211; runterladen und so oft sehen wie Sie wollen<\/p>\n<p>Preise:<\/p>\n<p>2 &#8211; 20 USD &#8211; 48 Stunden Zugang\/ Movie (CCBill)<\/p>\n<p>NIP-Activity.com VOD <a href=\"https:\/\/nude-in-public.net\" target=\"_blank\" rel=\"noopener noreferrer\">(Hier geht es zur Seite)<\/a>[\/vc_column_text][\/vc_column][\/vc_row][vc_row][vc_column]<div class=\"vcex-module vcex-divider vcex-divider-solid vcex-divider-center wpex-mx-auto wpex-max-w-100 wpex-block wpex-h-0 wpex-border-b wpex-border-solid wpex-border-main\" style=\"width:100%;border-bottom-width:1px;\"><\/div>[\/vc_column][\/vc_row][vc_row][vc_column width=&#8220;1\/2&#8243;][vc_single_image image=&#8220;6269&#8243; alignment=&#8220;center&#8220; onclick=&#8220;custom_link&#8220; img_link_target=&#8220;_blank&#8220; link=&#8220;https:\/\/flashing-dreams.com\/&#8220;][\/vc_column][vc_column width=&#8220;1\/2&#8243;][vc_column_text]<span class=\"text-highlight\">Flashing-Dreams.com<\/span><\/p>\n<p>Beschreibung:<br \/>\nSie m\u00f6chten echte Public Flashing Bilder und Filme sehen ? Dann sind Sie hier genau richtig auf unserer Seite! Wir sagen Flashing in wirklich \u00f6ffentlichen und belebten Pl\u00e4tzen und wir meinen genau das! 100% Public Flashing! Sehen Sie unsere Girls an sehr vollen Orten, wie z.B. Fu\u00dfg\u00e4ngerpassagen, Einkaufscentern, Bahnhofshallen, Flohm\u00e4rkten, Caf\u00e9s und vielleicht auch dort wo Sie unsere Girls gerne mal sehen w\u00fcrden. Die Girls lieben es, sich Fremden zu zeigen. Und seien Sie sicher \u2013 wo wir mit den Girls hingehen sind sehr viele Leute! Unsere Girls gehen&#8230;<\/p>\n<p>Merkmale:<br \/>\n&#8211; 100% Exlusive &#8222;Flash Inhalte&#8220;<br \/>\n&#8211; &#8222;High Quality&#8220; Bilder mit einer Aufl\u00f6sung bis zu 2000 pixel<br \/>\n&#8211; HD Filme in einer Aufl\u00f6sung von 1280&#215;720<br \/>\n&#8211; 24\/7 Hilfe per e-mail<br \/>\n&#8211; kein DRM<\/p>\n<p>Preise:<br \/>\n2 &#8211; 20 USD (CCBill)<\/p>\n<p><span class=\"Stil16\">Flashing-Dreams.com<\/span> <a href=\"https:\/\/flashing-dreams.com\" target=\"_blank\" rel=\"noopener noreferrer\">(Hier geht es zur Seite)<\/a><\/p>\n[\/vc_column_text][\/vc_column][\/vc_row][vc_row][vc_column]<div class=\"vcex-module vcex-divider vcex-divider-solid vcex-divider-center wpex-mx-auto wpex-max-w-100 wpex-block wpex-h-0 wpex-border-b wpex-border-solid wpex-border-main\" style=\"width:100%;border-bottom-width:1px;\"><\/div>[\/vc_column][\/vc_row][vc_row][vc_column][vc_single_image image=&#8220;3399&#8243; css_animation=&#8220;appear&#8220; alignment=&#8220;center&#8220; css=&#8220;&#8220; img_hover=&#8220;grow&#8220;][\/vc_column][\/vc_row][vc_row][vc_column]<div class=\"vcex-module vcex-divider vcex-divider-solid vcex-divider-center wpex-mx-auto wpex-max-w-100 wpex-block wpex-h-0 wpex-border-b wpex-border-solid wpex-border-main\" style=\"width:100%;border-bottom-width:1px;\"><\/div>[\/vc_column][\/vc_row][vc_row][vc_column][vc_column_text]\n<div class=\"centered\"><a class=\"btn-green-big-de\" title=\"erhalte hier zugang zu nip-activity\" href=\"https:\/\/member.nip-activity.com\/account\/signup\">ERHALTE HIER ZUGANG ZU NIP-ACTIVITY<\/a><\/div>\n[\/vc_column_text][\/vc_column][\/vc_row][vc_row][vc_column]<div class=\"vcex-module vcex-divider vcex-divider-solid vcex-divider-center wpex-mx-auto wpex-max-w-100 wpex-block wpex-h-0 wpex-border-b wpex-border-solid wpex-border-main\" style=\"width:100%;border-bottom-width:1px;\"><\/div>[\/vc_column][\/vc_row]\n<\/div>","protected":false},"excerpt":{"rendered":"<p>[vc_row margin_top=&#8220;15&#8243;][vc_column][\/vc_column][\/vc_row][vc_row][vc_column width=&#8220;1\/2&#8243;][vc_column_text] [\/vc_column_text][\/vc_column][vc_column width=&#8220;1\/2&#8243;][vc_column_text] [\/vc_column_text][\/vc_column][\/vc_row][vc_row margin_top=&#8220;15&#8243;][vc_column][\/vc_column][\/vc_row][vc_row][vc_column width=&#8220;1\/2&#8243;][vc_single_image image=&#8220;23334&#8243; alignment=&#8220;center&#8220; onclick=&#8220;custom_link&#8220; img_link_target=&#8220;_blank&#8220; link=&#8220;https:\/\/www.nude-in-public.store\/de\/&#8220;][\/vc_column][vc_column width=&#8220;1\/2&#8243;][vc_column_text]Nude-In-Public DVD Store Beschreibung: Dieser Shop bietet Ihnen alle Inhalte von NIP-Activity.com auf DVD. Alle Sendungen werden in neutralen Versandtaschen verschickt. Merkmale: &#8211; alle Filme von NIP-Activity.com &#8211; &#8222;Custom Made&#8220; &#8211; w\u00e4hle Deine M\u00e4dels und wir brennen sie auf DVD &#8211; Bilder&hellip;<\/p>\n","protected":false},"author":4,"featured_media":0,"parent":0,"menu_order":0,"comment_status":"closed","ping_status":"closed","template":"","meta":{"footnotes":""},"class_list":["post-1993","page","type-page","status-publish","hentry","entry","no-media"],"yoast_head":"<!-- This site is optimized with the Yoast SEO plugin v27.4 - https:\/\/yoast.com\/product\/yoast-seo-wordpress\/ -->\n<title>Kurze Vorschau \u00fcber unsere anderen Webseiten<\/title>\n<meta name=\"description\" content=\"Schau Dir jetzt unsere anderen top Webseiten an - DVD Shop - Flashing Dreams - Video on Demand - Nude Art!&quot;\" \/>\n<meta name=\"robots\" content=\"noindex, follow\" \/>\n<meta property=\"og:locale\" content=\"de_DE\" \/>\n<meta property=\"og:type\" content=\"article\" \/>\n<meta property=\"og:title\" content=\"Kurze Vorschau \u00fcber unsere anderen Webseiten\" \/>\n<meta property=\"og:description\" content=\"Schau Dir jetzt unsere anderen top Webseiten an - DVD Shop - Flashing Dreams - Video on Demand - Nude Art!&quot;\" \/>\n<meta property=\"og:url\" content=\"https:\/\/nip-activity.com\/de\/unsere-anderen-seiten\/\" \/>\n<meta property=\"og:site_name\" content=\"NIP-Activity.com\" \/>\n<meta property=\"article:modified_time\" content=\"2025-04-07T15:58:24+00:00\" \/>\n<meta name=\"twitter:label1\" content=\"Gesch\u00e4tzte Lesezeit\" \/>\n\t<meta name=\"twitter:data1\" content=\"2\u00a0Minuten\" \/>\n<script type=\"application\/ld+json\" class=\"yoast-schema-graph\">{\"@context\":\"https:\\\/\\\/schema.org\",\"@graph\":[{\"@type\":\"WebPage\",\"@id\":\"https:\\\/\\\/nip-activity.com\\\/de\\\/unsere-anderen-seiten\\\/\",\"url\":\"https:\\\/\\\/nip-activity.com\\\/de\\\/unsere-anderen-seiten\\\/\",\"name\":\"Kurze Vorschau \u00fcber unsere anderen Webseiten\",\"isPartOf\":{\"@id\":\"https:\\\/\\\/nip-activity.com\\\/de\\\/#website\"},\"datePublished\":\"2015-04-22T18:31:00+00:00\",\"dateModified\":\"2025-04-07T15:58:24+00:00\",\"description\":\"Schau Dir jetzt unsere anderen top Webseiten an - DVD Shop - Flashing Dreams - Video on Demand - Nude Art!\\\"\",\"breadcrumb\":{\"@id\":\"https:\\\/\\\/nip-activity.com\\\/de\\\/unsere-anderen-seiten\\\/#breadcrumb\"},\"inLanguage\":\"de\",\"potentialAction\":[{\"@type\":\"ReadAction\",\"target\":[\"https:\\\/\\\/nip-activity.com\\\/de\\\/unsere-anderen-seiten\\\/\"]}]},{\"@type\":\"BreadcrumbList\",\"@id\":\"https:\\\/\\\/nip-activity.com\\\/de\\\/unsere-anderen-seiten\\\/#breadcrumb\",\"itemListElement\":[{\"@type\":\"ListItem\",\"position\":1,\"name\":\"Home\",\"item\":\"https:\\\/\\\/nip-activity.com\\\/de\\\/\"},{\"@type\":\"ListItem\",\"position\":2,\"name\":\"unsere anderen Seiten\"}]},{\"@type\":\"WebSite\",\"@id\":\"https:\\\/\\\/nip-activity.com\\\/de\\\/#website\",\"url\":\"https:\\\/\\\/nip-activity.com\\\/de\\\/\",\"name\":\"NIP-Activity.com\",\"description\":\"Nude in Public\",\"publisher\":{\"@id\":\"https:\\\/\\\/nip-activity.com\\\/de\\\/#organization\"},\"potentialAction\":[{\"@type\":\"SearchAction\",\"target\":{\"@type\":\"EntryPoint\",\"urlTemplate\":\"https:\\\/\\\/nip-activity.com\\\/de\\\/?s={search_term_string}\"},\"query-input\":{\"@type\":\"PropertyValueSpecification\",\"valueRequired\":true,\"valueName\":\"search_term_string\"}}],\"inLanguage\":\"de\"},{\"@type\":\"Organization\",\"@id\":\"https:\\\/\\\/nip-activity.com\\\/de\\\/#organization\",\"name\":\"NIP-Activity.com\",\"url\":\"https:\\\/\\\/nip-activity.com\\\/de\\\/\",\"logo\":{\"@type\":\"ImageObject\",\"inLanguage\":\"de\",\"@id\":\"https:\\\/\\\/nip-activity.com\\\/de\\\/#\\\/schema\\\/logo\\\/image\\\/\",\"url\":\"https:\\\/\\\/nip-activity.com\\\/wp-content\\\/uploads\\\/2021\\\/06\\\/logo3-nude-in-public.png\",\"contentUrl\":\"https:\\\/\\\/nip-activity.com\\\/wp-content\\\/uploads\\\/2021\\\/06\\\/logo3-nude-in-public.png\",\"width\":265,\"height\":40,\"caption\":\"NIP-Activity.com\"},\"image\":{\"@id\":\"https:\\\/\\\/nip-activity.com\\\/de\\\/#\\\/schema\\\/logo\\\/image\\\/\"}}]}<\/script>\n<!-- \/ Yoast SEO plugin. -->","yoast_head_json":{"title":"Kurze Vorschau \u00fcber unsere anderen Webseiten","description":"Schau Dir jetzt unsere anderen top Webseiten an - DVD Shop - Flashing Dreams - Video on Demand - Nude Art!\"","robots":{"index":"noindex","follow":"follow"},"og_locale":"de_DE","og_type":"article","og_title":"Kurze Vorschau \u00fcber unsere anderen Webseiten","og_description":"Schau Dir jetzt unsere anderen top Webseiten an - DVD Shop - Flashing Dreams - Video on Demand - Nude Art!\"","og_url":"https:\/\/nip-activity.com\/de\/unsere-anderen-seiten\/","og_site_name":"NIP-Activity.com","article_modified_time":"2025-04-07T15:58:24+00:00","twitter_misc":{"Gesch\u00e4tzte Lesezeit":"2\u00a0Minuten"},"schema":{"@context":"https:\/\/schema.org","@graph":[{"@type":"WebPage","@id":"https:\/\/nip-activity.com\/de\/unsere-anderen-seiten\/","url":"https:\/\/nip-activity.com\/de\/unsere-anderen-seiten\/","name":"Kurze Vorschau \u00fcber unsere anderen Webseiten","isPartOf":{"@id":"https:\/\/nip-activity.com\/de\/#website"},"datePublished":"2015-04-22T18:31:00+00:00","dateModified":"2025-04-07T15:58:24+00:00","description":"Schau Dir jetzt unsere anderen top Webseiten an - DVD Shop - Flashing Dreams - Video on Demand - Nude Art!\"","breadcrumb":{"@id":"https:\/\/nip-activity.com\/de\/unsere-anderen-seiten\/#breadcrumb"},"inLanguage":"de","potentialAction":[{"@type":"ReadAction","target":["https:\/\/nip-activity.com\/de\/unsere-anderen-seiten\/"]}]},{"@type":"BreadcrumbList","@id":"https:\/\/nip-activity.com\/de\/unsere-anderen-seiten\/#breadcrumb","itemListElement":[{"@type":"ListItem","position":1,"name":"Home","item":"https:\/\/nip-activity.com\/de\/"},{"@type":"ListItem","position":2,"name":"unsere anderen Seiten"}]},{"@type":"WebSite","@id":"https:\/\/nip-activity.com\/de\/#website","url":"https:\/\/nip-activity.com\/de\/","name":"NIP-Activity.com","description":"Nude in Public","publisher":{"@id":"https:\/\/nip-activity.com\/de\/#organization"},"potentialAction":[{"@type":"SearchAction","target":{"@type":"EntryPoint","urlTemplate":"https:\/\/nip-activity.com\/de\/?s={search_term_string}"},"query-input":{"@type":"PropertyValueSpecification","valueRequired":true,"valueName":"search_term_string"}}],"inLanguage":"de"},{"@type":"Organization","@id":"https:\/\/nip-activity.com\/de\/#organization","name":"NIP-Activity.com","url":"https:\/\/nip-activity.com\/de\/","logo":{"@type":"ImageObject","inLanguage":"de","@id":"https:\/\/nip-activity.com\/de\/#\/schema\/logo\/image\/","url":"https:\/\/nip-activity.com\/wp-content\/uploads\/2021\/06\/logo3-nude-in-public.png","contentUrl":"https:\/\/nip-activity.com\/wp-content\/uploads\/2021\/06\/logo3-nude-in-public.png","width":265,"height":40,"caption":"NIP-Activity.com"},"image":{"@id":"https:\/\/nip-activity.com\/de\/#\/schema\/logo\/image\/"}}]}},"_links":{"self":[{"href":"https:\/\/nip-activity.com\/de\/wp-json\/wp\/v2\/pages\/1993","targetHints":{"allow":["GET"]}}],"collection":[{"href":"https:\/\/nip-activity.com\/de\/wp-json\/wp\/v2\/pages"}],"about":[{"href":"https:\/\/nip-activity.com\/de\/wp-json\/wp\/v2\/types\/page"}],"author":[{"embeddable":true,"href":"https:\/\/nip-activity.com\/de\/wp-json\/wp\/v2\/users\/4"}],"replies":[{"embeddable":true,"href":"https:\/\/nip-activity.com\/de\/wp-json\/wp\/v2\/comments?post=1993"}],"version-history":[{"count":0,"href":"https:\/\/nip-activity.com\/de\/wp-json\/wp\/v2\/pages\/1993\/revisions"}],"wp:attachment":[{"href":"https:\/\/nip-activity.com\/de\/wp-json\/wp\/v2\/media?parent=1993"}],"curies":[{"name":"wp","href":"https:\/\/api.w.org\/{rel}","templated":true}]}}